



{"id":839,"date":"2020-08-03T13:50:44","date_gmt":"2020-08-03T11:50:44","guid":{"rendered":"http:\/\/wpexplorer-demos.com\/?page_id=839"},"modified":"2023-10-26T11:29:12","modified_gmt":"2023-10-26T09:29:12","slug":"accueil","status":"publish","type":"page","link":"\/","title":{"rendered":"Accueil"},"content":{"rendered":"[vc_row full_width=\u00a0\u00bbstretch_row_content_no_spaces\u00a0\u00bb css=\u00a0\u00bb.vc_custom_1643975960407{margin-bottom: 0px !important;padding-bottom: 0px !important;}\u00a0\u00bb][vc_column css=\u00a0\u00bb.vc_custom_1643976004593{margin-bottom: 0px !important;}\u00a0\u00bb][rev_slider_vc alias=\u00a0\u00bbslider_1&Prime;][\/vc_column][\/vc_row][vc_row full_width=\u00a0\u00bbstretch_row\u00a0\u00bb bg_style=\u00a0\u00bbstretch\u00a0\u00bb css=\u00a0\u00bb.vc_custom_1644572318808{padding-top: 0px !important;padding-bottom: 0px !important;background-color: #dd3333 !important;}\u00a0\u00bb][vc_column][vc_column_text color=\u00a0\u00bb#ffffff\u00a0\u00bb]\n<p><center><span style=\"font-size: 230%;\">COVID-19 En Chiffres<\/span><\/center>[\/vc_column_text][vc_column_text]\n<p style=\"text-align: center;\"><span style=\"color: #ffffff;\">Chiffres cl\u00e9s mis \u00e0 jour le 26 Octobre 2023<\/span><\/p>\n[\/vc_column_text][\/vc_column][vc_column width=\u00a0\u00bb1\/3&Prime;]<div class=\"vcex-module vcex-milestone clr vcex-animated-milestone\" id=\"5025456\"><div class=\"vcex-milestone-inner\"><div class=\"vcex-milestone-desc\"><div class=\"vcex-milestone-number\" style=\"color:#ffffff;font-size:50px;\"><span class=\"vcex-milestone-time vcex-countup\" data-options=\"{&quot;startVal&quot;:0,&quot;endVal&quot;:5025456,&quot;duration&quot;:2,&quot;decimals&quot;:0,&quot;separator&quot;:&quot;&quot;,&quot;decimal&quot;:&quot;.&quot;}\">0<\/span><\/div><div class=\"vcex-milestone-caption\" style=\"color:#ffffff;font-size:16px;\">Cas Test\u00e9s<\/div><\/div><\/div><\/div>[\/vc_column][vc_column width=\u00a0\u00bb1\/3&Prime;]<div class=\"vcex-module vcex-milestone clr vcex-animated-milestone\" id=\"1156613\"><div class=\"vcex-milestone-inner\"><div class=\"vcex-milestone-desc\"><div class=\"vcex-milestone-number\" style=\"color:#ffffff;font-size:50px;\"><span class=\"vcex-milestone-time vcex-countup\" data-options=\"{&quot;startVal&quot;:0,&quot;endVal&quot;:1156613,&quot;duration&quot;:2,&quot;decimals&quot;:0,&quot;separator&quot;:&quot;&quot;,&quot;decimal&quot;:&quot;.&quot;}\">0<\/span><\/div><div class=\"vcex-milestone-caption\" style=\"color:#ffffff;font-size:16px;\">Cas Confirm\u00e9s<\/div><\/div><\/div><\/div>[\/vc_column][vc_column width=\u00a0\u00bb1\/3&Prime;]<div class=\"vcex-module vcex-milestone clr vcex-animated-milestone\" id=\"29494\"><div class=\"vcex-milestone-inner\"><div class=\"vcex-milestone-desc\"><div class=\"vcex-milestone-number\" style=\"color:#ffffff;font-size:50px;\"><span class=\"vcex-milestone-time vcex-countup\" data-options=\"{&quot;startVal&quot;:0,&quot;endVal&quot;:29494,&quot;duration&quot;:2,&quot;decimals&quot;:0,&quot;separator&quot;:&quot;&quot;,&quot;decimal&quot;:&quot;.&quot;}\">0<\/span><\/div><div class=\"vcex-milestone-caption\" style=\"color:#ffffff;font-size:16px;\">Nombre de D\u00e9c\u00e8s<\/div><\/div><\/div><\/div>[\/vc_column][vc_column][vc_empty_space height=\u00a0\u00bb20px\u00a0\u00bb]<div class=\"textcenter theme-button-wrap clr\"><a href=\"https:\/\/www.onmne.tn\/?cat=388\" class=\"vcex-button theme-button outline white medium align-center inline info animate-on-hover\" style=\"font-weight:400;border-radius:3px;\"><span class=\"theme-button-inner\">Plus d&rsquo;informations<\/span><\/a><\/div> [vc_empty_space height=\u00a0\u00bb20px\u00a0\u00bb][\/vc_column][\/vc_row][vc_row column_spacing=\u00a0\u00bb0px\u00a0\u00bb bg_style=\u00a0\u00bbstretch\u00a0\u00bb css=\u00a0\u00bb.vc_custom_1595492947125{padding-top: 0px !important;padding-bottom: 30px !important;}\u00a0\u00bb][vc_column width=\u00a0\u00bb1\/2&Prime;][vc_column_text]\n<p style=\"text-align: center;\"><video loop=\"loop\" controls=\"controls\" width=\"980\" height=\"551\"><source src=\"https:\/\/www.onmne.tn\/wp-content\/uploads\/2020\/10\/masque_obligation.mp4\" type=\"video\/mp4\" \/><\/video><\/p>\n[\/vc_column_text][\/vc_column][vc_column width=\u00a0\u00bb1\/2&Prime;][vc_column_text]\n<p style=\"text-align: center;\"><video autoplay=\"autoplay\" loop=\"loop\" controls=\"controls\" width=\"980\" height=\"551\"><source src=\"https:\/\/www.onmne.tn\/wp-content\/uploads\/2022\/02\/120733208_2060546324109405_609431687710708752_n.mp4\" type=\"video\/mp4\" \/><\/video><\/p>\n[\/vc_column_text][\/vc_column][\/vc_row][vc_row][vc_column][vc_empty_space]<h2 class=\"vcex-module vcex-heading vcex-heading-plain vc_custom_1595332567347\" style=\"color:#1e73be;font-size:32px;font-weight:400;text-align:center;\"><span class=\"vcex-heading-inner clr\">L'Observatoire national des Maladies Nouvelles et \u00c9mergentes<\/span><\/h2>[vc_column_text text_align=\u00a0\u00bbcenter\u00a0\u00bb font_weight=\u00a0\u00bb300&Prime; color=\u00a0\u00bb#777777&Prime; font_size=\u00a0\u00bb15px\u00a0\u00bb]\n<p style=\"text-align: center;\">D\u00e9cret n\u00b0 2005-3294 du 19 d\u00e9cembre 2005 ,portant cr\u00e9ation de l&rsquo;Observatoire National des Maladies Nouvelles et \u00c9mergentes et fixant son organisation administrative et financi\u00e8re ainsi que les modalit\u00e9s de son fonctionnement.<\/p>\n[\/vc_column_text][\/vc_column][\/vc_row][vc_row bg_style=\u00a0\u00bbstretch\u00a0\u00bb css=\u00a0\u00bb.vc_custom_1489894058657{padding-top: 0px !important;}\u00a0\u00bb][vc_column width=\u00a0\u00bb1\/3&Prime; bg_style=\u00a0\u00bbstretch\u00a0\u00bb padding_top=\u00a0\u00bb20px\u00a0\u00bb padding_bottom=\u00a0\u00bb20px\u00a0\u00bb padding_left=\u00a0\u00bb20px\u00a0\u00bb padding_right=\u00a0\u00bb20px\u00a0\u00bb]<div class=\"vcex-module vcex-icon-box clr vcex-icon-box-two vcex-icon-box-w-bg\"><img class=\"vcex-icon-box-image\" src=\"\/wp-content\/uploads\/2020\/07\/icon11.png\" alt='' data-no-retina width=\"65\" height=\"63\" \/><h3 class=\"vcex-icon-box-heading heading-typography\" style=\"color:#1e73be;font-size:16px;\">Missions<\/h3><div class=\"vcex-icon-box-content clr\"><p style=\"text-align: center;\">L&rsquo;Observatoire National des Maladies Nouvelles et \u00c9mergentes est charg\u00e9e dans le cadre de ses attributions &#8230;<\/p>\n<\/div><\/div><div class=\"textcenter theme-button-wrap clr\"><a href=\"https:\/\/onmne.tn\/?page_id=5815\" title=\"Nos Missions\" class=\"vcex-button theme-button clean grey small align-center inline animate-on-hover\" target=\"_blank\"><span class=\"theme-button-inner\">Nos Missions<\/span><\/a><\/div> [\/vc_column][vc_column width=\u00a0\u00bb1\/3&Prime; bg_style=\u00a0\u00bbstretch\u00a0\u00bb padding_top=\u00a0\u00bb20px\u00a0\u00bb padding_bottom=\u00a0\u00bb20px\u00a0\u00bb padding_left=\u00a0\u00bb20px\u00a0\u00bb padding_right=\u00a0\u00bb20px\u00a0\u00bb]<div class=\"vcex-module vcex-icon-box clr vcex-icon-box-two vcex-icon-box-w-bg\"><img class=\"vcex-icon-box-image\" src=\"\/wp-content\/uploads\/2020\/07\/icone22.png\" alt='' data-no-retina width=\"67\" height=\"64\" \/><h3 class=\"vcex-icon-box-heading heading-typography\" style=\"color:#1e73be;font-size:16px;\">Dossiers Th\u00e9matiques<\/h3><div class=\"vcex-icon-box-content clr\"><p style=\"text-align: center;\">Pour vous tenir au courant des derni\u00e8res mises \u00e0 jour des maladies ,l&rsquo;ONMNE pr\u00e9sente dans cette partie tout guide de surveillance , veille&#8230;<\/p>\n<\/div><\/div><div class=\"textcenter theme-button-wrap clr\"><a href=\"https:\/\/onmne.tn\/?page_id=5567\" title=\"Dossiers Th\u00e9matiques\" class=\"vcex-button theme-button clean grey small align-center inline animate-on-hover\" target=\"_blank\"><span class=\"theme-button-inner\">Nos Dossiers<\/span><\/a><\/div> [\/vc_column][vc_column width=\u00a0\u00bb1\/3&Prime; bg_style=\u00a0\u00bbstretch\u00a0\u00bb padding_top=\u00a0\u00bb20px\u00a0\u00bb padding_bottom=\u00a0\u00bb20px\u00a0\u00bb padding_left=\u00a0\u00bb20px\u00a0\u00bb padding_right=\u00a0\u00bb20px\u00a0\u00bb]<div class=\"vcex-module vcex-icon-box clr vcex-icon-box-two vcex-icon-box-w-bg\"><img class=\"vcex-icon-box-image\" src=\"\/wp-content\/uploads\/2020\/07\/icon33.png\" alt='' data-no-retina width=\"64\" height=\"63\" \/><h3 class=\"vcex-icon-box-heading heading-typography\" style=\"color:#1e73be;font-size:16px;\">Publications<\/h3><div class=\"vcex-icon-box-content clr\"><p>L&rsquo;ONMNE met \u00e0 votre disposition toutes les derni\u00e8res publications,articles des sujets r\u00e9cents&#8230;<\/p>\n<\/div><\/div><div class=\"textcenter theme-button-wrap clr\"><a href=\"https:\/\/www.onmne.tn\/?page_id=5580\" title=\"Open a Ticket\" class=\"vcex-button theme-button clean grey small align-center inline animate-on-hover\" target=\"_blank\"><span class=\"theme-button-inner\">Voir Plus<\/span><\/a><\/div> [\/vc_column][\/vc_row][vc_row bg_style=\u00a0\u00bbstretch\u00a0\u00bb css=\u00a0\u00bb.vc_custom_1489894058657{padding-top: 0px !important;}\u00a0\u00bb][vc_column width=\u00a0\u00bb1\/3&Prime; bg_style=\u00a0\u00bbstretch\u00a0\u00bb padding_top=\u00a0\u00bb20px\u00a0\u00bb padding_bottom=\u00a0\u00bb20px\u00a0\u00bb padding_left=\u00a0\u00bb20px\u00a0\u00bb padding_right=\u00a0\u00bb20px\u00a0\u00bb]<div class=\"vcex-module vcex-icon-box clr vcex-icon-box-two vcex-icon-box-w-bg\"><img class=\"vcex-icon-box-image\" src=\"\/wp-content\/uploads\/2020\/07\/annonces.png\" alt='' data-no-retina width=\"64\" height=\"64\" \/><h3 class=\"vcex-icon-box-heading heading-typography\" style=\"color:#1e73be;font-size:16px;\">Annonces<\/h3><div class=\"vcex-icon-box-content clr\"><p>Espace d&rsquo;Annonces<\/p>\n<\/div><\/div><div class=\"textcenter theme-button-wrap clr\"><a href=\"https:\/\/www.onmne.tn\/?cat=89\" title=\"Nos Missions\" class=\"vcex-button theme-button clean grey small align-center inline animate-on-hover\" target=\"_blank\"><span class=\"theme-button-inner\">Nos Annonces<\/span><\/a><\/div> [\/vc_column][vc_column width=\u00a0\u00bb1\/3&Prime; bg_style=\u00a0\u00bbstretch\u00a0\u00bb padding_top=\u00a0\u00bb20px\u00a0\u00bb padding_bottom=\u00a0\u00bb20px\u00a0\u00bb padding_left=\u00a0\u00bb20px\u00a0\u00bb padding_right=\u00a0\u00bb20px\u00a0\u00bb]<div class=\"vcex-module vcex-icon-box clr vcex-icon-box-two vcex-icon-box-w-bg\"><img class=\"vcex-icon-box-image\" src=\"\/wp-content\/uploads\/2020\/07\/icon55.png\" alt='' data-no-retina width=\"65\" height=\"67\" \/><h3 class=\"vcex-icon-box-heading heading-typography\" style=\"color:#1e73be;font-size:16px;\">Presse<\/h3><div class=\"vcex-icon-box-content clr\"><p>Espace Presse<\/p>\n<\/div><\/div><div class=\"textcenter theme-button-wrap clr\"><a href=\"https:\/\/www.onmne.tn\/\" title=\"Dossiers Th\u00e9matiques\" class=\"vcex-button theme-button clean grey small align-center inline animate-on-hover\" target=\"_blank\"><span class=\"theme-button-inner\">Voir Plus<\/span><\/a><\/div> [\/vc_column][vc_column width=\u00a0\u00bb1\/3&Prime; bg_style=\u00a0\u00bbstretch\u00a0\u00bb padding_top=\u00a0\u00bb20px\u00a0\u00bb padding_bottom=\u00a0\u00bb20px\u00a0\u00bb padding_left=\u00a0\u00bb20px\u00a0\u00bb padding_right=\u00a0\u00bb20px\u00a0\u00bb]<div class=\"vcex-module vcex-icon-box clr vcex-icon-box-two vcex-icon-box-w-bg\"><img class=\"vcex-icon-box-image\" src=\"\/wp-content\/uploads\/2020\/07\/espace-pro-1.png\" alt='' data-no-retina width=\"64\" height=\"64\" \/><h3 class=\"vcex-icon-box-heading heading-typography\" style=\"color:#1e73be;font-size:16px;\">Espace Professionnel<\/h3><div class=\"vcex-icon-box-content clr\"><p>Espace Pro<\/p>\n<\/div><\/div><div class=\"textcenter theme-button-wrap clr\"><a href=\"https:\/\/www.onmne.tn\/\" title=\"Open a Ticket\" class=\"vcex-button theme-button clean grey small align-center inline animate-on-hover\" target=\"_blank\"><span class=\"theme-button-inner\">Authentification<\/span><\/a><\/div> [\/vc_column][\/vc_row][vc_row full_width=\u00a0\u00bbstretch_row\u00a0\u00bb bg_style=\u00a0\u00bbstretch\u00a0\u00bb css=\u00a0\u00bb.vc_custom_1595411717070{padding-top: 30px !important;}\u00a0\u00bb][vc_column]<h2 class=\"vcex-module vcex-heading vcex-heading-bottom-border-w-color vc_custom_1594632429031\" style=\"font-size:16px;\"><span class=\"vcex-heading-inner clr\">Actualit\u00e9s<\/span><\/h2><div class=\"vcex-spacing\" style=\"height:10px\"><\/div><div class=\"vcex-recent-news-wrap clr\"><div class=\"vcex-module vcex-recent-news clr wpex-row\"><div class=\"vcex-recent-news-entry-wrap vcex-grid-item col span_1_of_2 col-1\"><article class=\"vcex-recent-news-entry clr post-17560 post type-post status-publish format-standard hentry category-actualites category-annonces entry no-media\"><div class=\"vcex-recent-news-date\"><span class=\"day\">20<\/span><span class=\"month\"><span>Sep<\/span> <span class=\"year\">25<\/span><\/span><\/div><div class=\"vcex-news-entry-details clr\"><header class=\"vcex-recent-news-entry-title entry-title\"><h2 class=\"vcex-recent-news-entry-title-heading\"><a href=\"\/?p=17560\">Circulaire N\u00b037\/2025: Renforcement du plan de veille et de pr\u00e9vention contre la propagation du virus West Nile<\/a><\/h2><\/header><div class=\"vcex-recent-news-entry-excerpt entry clr\"><p>download<\/p><\/div><\/div><\/article><\/div><div class=\"vcex-recent-news-entry-wrap vcex-grid-item col span_1_of_2 col-2\"><article class=\"vcex-recent-news-entry clr post-17559 post type-post status-publish format-standard hentry category-actualites category-annonces entry no-media\"><div class=\"vcex-recent-news-date\"><span class=\"day\">19<\/span><span class=\"month\"><span>Ao\u00fbt<\/span> <span class=\"year\">25<\/span><\/span><\/div><div class=\"vcex-news-entry-details clr\"><header class=\"vcex-recent-news-entry-title entry-title\"><h2 class=\"vcex-recent-news-entry-title-heading\"><a href=\"\/?p=17559\">Appel \u00e0 candidature pour la 2\u1d49 cohorte de la formation LabEpi+ 2025-ONMNE<\/a><\/h2><\/header><div class=\"vcex-recent-news-entry-excerpt entry clr\"><p>download Dans le cadre de la mise en \u0153uvre des activit\u00e9s du Programme Allemand de S\u00fbret\u00e9 Biologique, le Minist\u00e8re de la Sant\u00e9 (Observatoire National des Maladies Nouvelles et \u00c9mergentes \u2013 ONMNE), en collaboration avec l\u2019Institut Robert Koch (RKI) et la&hellip;<\/p><\/div><\/div><\/article><\/div><div class=\"vcex-recent-news-entry-wrap vcex-grid-item col span_1_of_2 col-1\"><article class=\"vcex-recent-news-entry clr post-17556 post type-post status-publish format-standard hentry category-actualites category-annonces entry no-media\"><div class=\"vcex-recent-news-date\"><span class=\"day\">16<\/span><span class=\"month\"><span>D\u00e9c<\/span> <span class=\"year\">24<\/span><\/span><\/div><div class=\"vcex-news-entry-details clr\"><header class=\"vcex-recent-news-entry-title entry-title\"><h2 class=\"vcex-recent-news-entry-title-heading\"><a href=\"\/?p=17556\">Programme webinaire Maladies vectorielles \u00e9mergentes le 18 d\u00e9cembre 2024<\/a><\/h2><\/header><div class=\"vcex-recent-news-entry-excerpt entry clr\"><p>download<\/p><\/div><\/div><\/article><\/div><div class=\"vcex-recent-news-entry-wrap vcex-grid-item col span_1_of_2 col-2\"><article class=\"vcex-recent-news-entry clr post-17510 post type-post status-publish format-standard hentry category-actualites category-annonces entry no-media\"><div class=\"vcex-recent-news-date\"><span class=\"day\">08<\/span><span class=\"month\"><span>Oct<\/span> <span class=\"year\">24<\/span><\/span><\/div><div class=\"vcex-news-entry-details clr\"><header class=\"vcex-recent-news-entry-title entry-title\"><h2 class=\"vcex-recent-news-entry-title-heading\"><a href=\"\/?p=17510\">CDC&rsquo;s Epidemic Intelligence Service (EIS) Conference Call For Abstracts Opens October 15! Deadline December 3, 2024<\/a><\/h2><\/header><div class=\"vcex-recent-news-entry-excerpt entry clr\"><p>TEPHINET will be accepting abstracts (for oral and poster presentations) for the 2025 Annual EIS Conference, April 22-25, 2025, in Atlanta, Georgia USA.\u00a0 Current trainees and graduates of field-based training programs in applied epidemiology, veterinary, laboratory, and public health practice&hellip;<\/p><\/div><\/div><\/article><\/div><\/div><\/div>[\/vc_column][\/vc_row]\n","protected":false},"excerpt":{"rendered":"<p>[vc_row full_width=\u00a0\u00bbstretch_row_content_no_spaces\u00a0\u00bb css=\u00a0\u00bb.vc_custom_1643975960407{margin-bottom: 0px !important;padding-bottom: 0px !important;}\u00a0\u00bb][vc_column css=\u00a0\u00bb.vc_custom_1643976004593{margin-bottom: 0px !important;}\u00a0\u00bb][rev_slider_vc alias=\u00a0\u00bbslider_1&Prime;][\/vc_column][\/vc_row][vc_row full_width=\u00a0\u00bbstretch_row\u00a0\u00bb bg_style=\u00a0\u00bbstretch\u00a0\u00bb css=\u00a0\u00bb.vc_custom_1644572318808{padding-top: 0px !important;padding-bottom: 0px !important;background-color: #dd3333 !important;}\u00a0\u00bb][vc_column][vc_column_text color=\u00a0\u00bb#ffffff\u00a0\u00bb] COVID-19 En Chiffres[\/vc_column_text][vc_column_text] Chiffres cl\u00e9s mis \u00e0 jour le 26 Octobre 2023 [\/vc_column_text][\/vc_column][vc_column width=\u00a0\u00bb1\/3&Prime;][\/vc_column][vc_column width=\u00a0\u00bb1\/3&Prime;][\/vc_column][vc_column width=\u00a0\u00bb1\/3&Prime;][\/vc_column][vc_column][vc_empty_space height=\u00a0\u00bb20px\u00a0\u00bb][vc_empty_space height=\u00a0\u00bb20px\u00a0\u00bb][\/vc_column][\/vc_row][vc_row column_spacing=\u00a0\u00bb0px\u00a0\u00bb&hellip;<\/p>\n","protected":false},"author":1,"featured_media":0,"parent":0,"menu_order":0,"comment_status":"closed","ping_status":"closed","template":"","meta":{"_bbp_topic_count":0,"_bbp_reply_count":0,"_bbp_total_topic_count":0,"_bbp_total_reply_count":0,"_bbp_voice_count":0,"_bbp_anonymous_reply_count":0,"_bbp_topic_count_hidden":0,"_bbp_reply_count_hidden":0,"_bbp_forum_subforum_count":0,"_links_to":"","_links_to_target":""},"_links":{"self":[{"href":"\/index.php?rest_route=\/wp\/v2\/pages\/839"}],"collection":[{"href":"\/index.php?rest_route=\/wp\/v2\/pages"}],"about":[{"href":"\/index.php?rest_route=\/wp\/v2\/types\/page"}],"author":[{"embeddable":true,"href":"\/index.php?rest_route=\/wp\/v2\/users\/1"}],"replies":[{"embeddable":true,"href":"\/index.php?rest_route=%2Fwp%2Fv2%2Fcomments&post=839"}],"version-history":[{"count":701,"href":"\/index.php?rest_route=\/wp\/v2\/pages\/839\/revisions"}],"predecessor-version":[{"id":17442,"href":"\/index.php?rest_route=\/wp\/v2\/pages\/839\/revisions\/17442"}],"wp:attachment":[{"href":"\/index.php?rest_route=%2Fwp%2Fv2%2Fmedia&parent=839"}],"curies":[{"name":"wp","href":"https:\/\/api.w.org\/{rel}","templated":true}]}}