



{"id":5834,"date":"2020-08-10T12:50:31","date_gmt":"2020-08-10T10:50:31","guid":{"rendered":"http:\/\/cresus-209.ovh\/onmne.tn\/?page_id=5834"},"modified":"2020-10-15T15:46:10","modified_gmt":"2020-10-15T13:46:10","slug":"liens-utiles","status":"publish","type":"page","link":"\/?page_id=5834","title":{"rendered":"Liens Utiles"},"content":{"rendered":"[vc_row][vc_column]<div class=\"vcex-image vcex-module vcex-clr textcenter\"><span class=\"vcex-image-inner\"><img width=\"945\" height=\"115\" src=\"\/wp-content\/uploads\/2020\/10\/COVID-Guide-liens-utiles-1-945x533-1.jpg\" class=\"attachment-full size-full\" alt=\"\" loading=\"lazy\" srcset=\"\/wp-content\/uploads\/2020\/10\/COVID-Guide-liens-utiles-1-945x533-1.jpg 945w, \/wp-content\/uploads\/2020\/10\/COVID-Guide-liens-utiles-1-945x533-1-300x37.jpg 300w, \/wp-content\/uploads\/2020\/10\/COVID-Guide-liens-utiles-1-945x533-1-768x93.jpg 768w\" sizes=\"(max-width: 945px) 100vw, 945px\" \/><\/span><\/div>[\/vc_column][\/vc_row][vc_row][vc_column][vc_column_text]\n<ul>\n<li><a href=\"https:\/\/tunisia.maps.arcgis.com\/apps\/dashboards\/445a5b838c584d3395adc759a5841451\" target=\"_blank\" rel=\"noopener noreferrer\">COVID19 &#8211; Incidences Delegations &amp; Gouvernorats\u00a0<\/a><\/li>\n<li><a href=\"https:\/\/ageos-tunisie.maps.arcgis.com\/apps\/opsdashboard\/index.html#\/24334eadfe9045aeb8314b94e6347cb3\" target=\"_blank\" rel=\"noopener noreferrer\">Situation de la pand\u00e9mie en tunisie<\/a><\/li>\n<li>Site web d&rsquo;un r\u00e9seau tuniso-italien pour la surveillance des maladies \u00e9mergentes transmises par les tiques et les moustiques RESTUS :\u00a0<a href=\"http:\/\/www.restus.eu\/fr\/home\/\" target=\"_blank\" rel=\"noopener noreferrer\">www.restus.eu\/fr\/home\/<\/a><\/li>\n<li>The European Centre for Disease Prevention and Control (ECDC) :\u00a0<a href=\"http:\/\/ecdc.europa.eu\/en\/Pages\/home.aspx\" target=\"_blank\" rel=\"noopener noreferrer\">www.ecdc.europa.eu<\/a><\/li>\n<li>Eurosurveillance :\u00a0<a href=\"http:\/\/www.eurosurveillance.org\/\" target=\"_blank\" rel=\"noopener noreferrer\">www.eurosurveillance.org<\/a><\/li>\n<li>OMS : Relev\u00e9 \u00e9pid\u00e9miologique hebdomadaire (REH) :\u00a0<a href=\"http:\/\/www.who.int\/wer\/fr\/index.html\" target=\"_blank\" rel=\"noopener noreferrer\">www.who.int\/wer\/fr\/index.html<\/a><\/li>\n<li>Health Potection Agency (HPA ) Royaume uni :\u00a0<a href=\"http:\/\/www.hpa.org.uk\/\" target=\"_blank\" rel=\"noopener noreferrer\">www.hpa.org.uk<\/a><\/li>\n<li>Agence de la sant\u00e9 publique du Canada : maladies infectieuses :\u00a0<a href=\"http:\/\/www.phac-aspc.gc.ca\/\" target=\"_blank\" rel=\"noopener noreferrer\">www.phac-aspc.gc.ca<\/a><\/li>\n<li>Institut de veille sanitaire :\u00a0<a href=\"http:\/\/http\/\/www.invs.sante.fr\/presentations\/default.htm\" target=\"_blank\" rel=\"noopener noreferrer\">www.invs.sante.fr<\/a><\/li>\n<li>ProMed :\u00a0<a href=\"http:\/\/www.promedmail.org\/\" target=\"_blank\" rel=\"noopener noreferrer\">www.promedmail.org<\/a><\/li>\n<\/ul>\n[vc_empty_space height=\u00a0\u00bb22px\u00a0\u00bb]\n <em>Derni\u00e8re Modification:<\/em>  06\/10\/2020 02:10:42\n[vc_empty_space height=\u00a0\u00bb22px\u00a0\u00bb]\n<p><!--nextpage-->[\/vc_column_text][\/vc_column][\/vc_row][vc_row][vc_column]<div class=\"vcex-image vcex-module vcex-clr\"><span class=\"vcex-image-inner\"><img src=\"\/wp-content\/uploads\/2020\/07\/slider2-1.png\" alt='' data-no-retina width=\"1255\" height=\"281\" \/><\/span><\/div>[vc_empty_space height=\u00a0\u00bb22px\u00a0\u00bb][\/vc_column][\/vc_row][vc_row][vc_column][vc_column_text]\n<ul>\n<li>Global Public Health Intelligence Network (GPHIN) : <a href=\"http:\/\/www.phac-aspc.gc.ca\/media\/nr-rp\/2004\/2004_gphin-rmispbk-eng.php\" target=\"_blank\" rel=\"noopener noreferrer\">www.phac-aspc.gc.ca\/media\/nr-rp\/2004\/2004_gphin-rmispbk-eng.php<\/a><\/li>\n<li>Episouth :\u00a0<a href=\"http:\/\/www.episouth.org\/\" target=\"_blank\" rel=\"noopener noreferrer\">www.episouth.org<\/a><\/li>\n<li>Ancsep :\u00a0<a href=\"http:\/\/www.semide.tn\/arabe\/institution\/ANCSEP.htm\" target=\"_blank\" rel=\"noopener noreferrer\">www.semide.tn\/arabe\/institution\/ANCSEP.htm<\/a><\/li>\n<li>Agence nationale de s\u00e9curit\u00e9 sanitaire de l&rsquo;alimentation, de l&rsquo;environnement et du travail (ANSES) :\u00a0<a href=\"http:\/\/www.anses.fr\/\" target=\"_blank\" rel=\"noopener noreferrer\">www.anses.fr<\/a><\/li>\n<li>The Center for Infectious Disease Research and Policy (CIDRAP) :\u00a0<a href=\"http:\/\/www.cidrap.umn.edu\/cidrap\/index.html\" target=\"_blank\" rel=\"noopener noreferrer\">www.cidrap.umn.edu\/cidrap\/index.html<\/a><\/li>\n<li>Minist\u00e8re de la Sant\u00e9 Publique :\u00a0<a href=\"http:\/\/www.santetunisie.rns.tn\/msp\/msp.html\" target=\"_blank\" rel=\"noopener noreferrer\">www.santetunisie.rns.tn\/msp\/msp.html<\/a><\/li>\n<li>Centers for Disease Control and Preention (CDC) :\u00a0<a href=\"http:\/\/www.cdc.gov\/\" target=\"_blank\" rel=\"noopener noreferrer\">www.cdc.gov<\/a><\/li>\n<li>Organisation mondiale de la sant\u00e9 :\u00a0<a href=\"http:\/\/www.who.int\/fr\/\" target=\"_blank\" rel=\"noopener noreferrer\">www.who.int\/fr<\/a><\/li>\n<\/ul>\n[vc_empty_space height=\u00a0\u00bb22px\u00a0\u00bb]\n <em>Derni\u00e8re Modification:<\/em>  15\/07\/2020 09:50:18\n[vc_empty_space height=\u00a0\u00bb22px\u00a0\u00bb]\n<p><!--nextpage--><\/p>\n[\/vc_column_text][\/vc_column][\/vc_row][vc_row][vc_column]<div class=\"vcex-image vcex-module vcex-clr\"><span class=\"vcex-image-inner\"><img src=\"\/wp-content\/uploads\/2020\/07\/slider2-1.png\" alt='' data-no-retina width=\"1255\" height=\"281\" \/><\/span><\/div>[vc_empty_space height=\u00a0\u00bb22px\u00a0\u00bb][\/vc_column][\/vc_row][vc_row][vc_column][vc_column_text]\n<ul>\n<li>Direction de l&rsquo;Hygi\u00e8ne du Milieu et de la Protection de l&rsquo;Environnement \u00a0(DHMPE) :\u00a0<a href=\"http:\/\/www.semide.tn\/DHMPE.htm\" target=\"_blank\" rel=\"noopener noreferrer\">www.semide.tn<\/a><\/li>\n<li>Institut Pasteur de Tunis (IPT) :\u00a0<a href=\"http:\/\/www.pasteur.tn\/\" target=\"_blank\" rel=\"noopener noreferrer\">www.pasteur.tn<\/a><\/li>\n<li>Office National de la Famille et de la Population (ONFP) :\u00a0<a href=\"http:\/\/www.onfp.nat.tn\/\" target=\"_blank\" rel=\"noopener noreferrer\">www.onfp.nat.tn<\/a><\/li>\n<\/ul>\n[vc_empty_space height=\u00a0\u00bb22px\u00a0\u00bb]\n <em>Derni\u00e8re Modification:<\/em>  15\/07\/2020 09:50:18\n[vc_empty_space height=\u00a0\u00bb22px\u00a0\u00bb][\/vc_column_text][\/vc_column][\/vc_row]\n","protected":false},"excerpt":{"rendered":"<p>[vc_row][vc_column][\/vc_column][\/vc_row][vc_row][vc_column][vc_column_text] COVID19 &#8211; Incidences Delegations &amp; Gouvernorats\u00a0 Situation de la pand\u00e9mie en tunisie Site web d&rsquo;un r\u00e9seau tuniso-italien pour la surveillance des maladies \u00e9mergentes transmises par les tiques et les moustiques RESTUS :\u00a0www.restus.eu\/fr\/home\/ The European Centre for Disease Prevention and&hellip;<\/p>\n","protected":false},"author":1,"featured_media":0,"parent":0,"menu_order":0,"comment_status":"closed","ping_status":"closed","template":"","meta":{"_bbp_topic_count":0,"_bbp_reply_count":0,"_bbp_total_topic_count":0,"_bbp_total_reply_count":0,"_bbp_voice_count":0,"_bbp_anonymous_reply_count":0,"_bbp_topic_count_hidden":0,"_bbp_reply_count_hidden":0,"_bbp_forum_subforum_count":0,"_links_to":"","_links_to_target":""},"_links":{"self":[{"href":"\/index.php?rest_route=\/wp\/v2\/pages\/5834"}],"collection":[{"href":"\/index.php?rest_route=\/wp\/v2\/pages"}],"about":[{"href":"\/index.php?rest_route=\/wp\/v2\/types\/page"}],"author":[{"embeddable":true,"href":"\/index.php?rest_route=\/wp\/v2\/users\/1"}],"replies":[{"embeddable":true,"href":"\/index.php?rest_route=%2Fwp%2Fv2%2Fcomments&post=5834"}],"version-history":[{"count":16,"href":"\/index.php?rest_route=\/wp\/v2\/pages\/5834\/revisions"}],"predecessor-version":[{"id":10168,"href":"\/index.php?rest_route=\/wp\/v2\/pages\/5834\/revisions\/10168"}],"wp:attachment":[{"href":"\/index.php?rest_route=%2Fwp%2Fv2%2Fmedia&parent=5834"}],"curies":[{"name":"wp","href":"https:\/\/api.w.org\/{rel}","templated":true}]}}