



{"id":5826,"date":"2020-07-16T14:10:40","date_gmt":"2020-07-16T12:10:40","guid":{"rendered":"http:\/\/cresus-209.ovh\/onmne.tn\/?page_id=5826"},"modified":"2020-09-07T15:35:16","modified_gmt":"2020-09-07T13:35:16","slug":"autres-dossiers-importants","status":"publish","type":"page","link":"\/?page_id=5826","title":{"rendered":"Autres dossiers importants"},"content":{"rendered":"[vc_row][vc_column][vc_column_text]\n<div>\n<p><strong>Climatologie :<\/strong> Suivre le changement climatique (suivi m\u00e9t\u00e9orologique, la surveillance de l\u2019\u00e9cosyst\u00e8me et l\u2019\u00e9tude de la part de la variable climat dans l\u2019apparition et\/ou la propagation des ph\u00e9nom\u00e8nes morbides) et ses effets sur la sant\u00e9 afin d\u2019\u00eatre en mesure de mettre en place des strat\u00e9gies d\u2019adaptation \u00e0 ce risque \u00e9mergent, par la mise en place d\u2019un syst\u00e8me de Veille climatologique.<\/p>\n<p><strong>Applications g\u00e9ographiques :<\/strong>Mettre en place des syst\u00e8mes d\u2019informations g\u00e9ographiques (SIG) int\u00e9grant des donn\u00e9es sanitaires, environnementales et climatiques.<\/p>\n<p><strong>Sant\u00e9 Animale, Zoologie et Ornithologie :<\/strong>Les principales maladies nouvelles ou \u00e9mergentes sont des zoonoses, la surveillance des maladies animales est primordiale. Deux morbidit\u00e9s o\u00f9 les oiseaux jouent un r\u00f4le de r\u00e9servoir de germe sont d\u2019actualit\u00e9 en Tunisie : La grippe aviaire et son risque pand\u00e9mique et le West Nile qui a d\u00e9j\u00e0 g\u00e9n\u00e9r\u00e9 deux vagues \u00e9pid\u00e9miques \u00e0 5 ans d\u2019intervalle. La connaissance des animaux r\u00e9servoirs est \u00e9galement tr\u00e8s importante.<\/p>\n<p><strong>Entomologie :<\/strong>Les Maladies \u00e0 transmission vectorielle posent plusieurs probl\u00e8mes en Tunisie : Le risque de la r\u00e9\u00e9mergence du paludisme, les \u00e9pid\u00e9mies de la leishmaniose cutan\u00e9e, les \u00e9pid\u00e9mies du west Nile et la dengue &#8211; chikungunya qui peut s&rsquo;installer en Tunisie.<br \/>\nIl est donc de d\u00e9velopper une expertise et la connaissance des insectes vecteurs de maladies nouvelles et \u00e9mergentes.<\/p>\n<\/div>\n<p><!-- \/wp:paragraph -->[\/vc_column_text][\/vc_column][\/vc_row]\n[vc_empty_space height=\u00a0\u00bb22px\u00a0\u00bb]\n<em>Derni\u00e8re Modification :<\/em>  07\/09\/2020 03:35:16\n[vc_empty_space height=\u00a0\u00bb22px\u00a0\u00bb]\n","protected":false},"excerpt":{"rendered":"<p>[vc_row][vc_column][vc_column_text] Climatologie : Suivre le changement climatique (suivi m\u00e9t\u00e9orologique, la surveillance de l\u2019\u00e9cosyst\u00e8me et l\u2019\u00e9tude de la part de la variable climat dans l\u2019apparition et\/ou la propagation des ph\u00e9nom\u00e8nes morbides) et ses effets sur la sant\u00e9 afin d\u2019\u00eatre en mesure&hellip;<\/p>\n","protected":false},"author":1,"featured_media":0,"parent":0,"menu_order":0,"comment_status":"closed","ping_status":"closed","template":"","meta":{"_bbp_topic_count":0,"_bbp_reply_count":0,"_bbp_total_topic_count":0,"_bbp_total_reply_count":0,"_bbp_voice_count":0,"_bbp_anonymous_reply_count":0,"_bbp_topic_count_hidden":0,"_bbp_reply_count_hidden":0,"_bbp_forum_subforum_count":0,"_links_to":"","_links_to_target":""},"_links":{"self":[{"href":"\/index.php?rest_route=\/wp\/v2\/pages\/5826"}],"collection":[{"href":"\/index.php?rest_route=\/wp\/v2\/pages"}],"about":[{"href":"\/index.php?rest_route=\/wp\/v2\/types\/page"}],"author":[{"embeddable":true,"href":"\/index.php?rest_route=\/wp\/v2\/users\/1"}],"replies":[{"embeddable":true,"href":"\/index.php?rest_route=%2Fwp%2Fv2%2Fcomments&post=5826"}],"version-history":[{"count":16,"href":"\/index.php?rest_route=\/wp\/v2\/pages\/5826\/revisions"}],"predecessor-version":[{"id":8805,"href":"\/index.php?rest_route=\/wp\/v2\/pages\/5826\/revisions\/8805"}],"wp:attachment":[{"href":"\/index.php?rest_route=%2Fwp%2Fv2%2Fmedia&parent=5826"}],"curies":[{"name":"wp","href":"https:\/\/api.w.org\/{rel}","templated":true}]}}