



{"id":5823,"date":"2020-08-12T12:37:22","date_gmt":"2020-08-12T10:37:22","guid":{"rendered":"http:\/\/cresus-209.ovh\/onmne.tn\/?page_id=5823"},"modified":"2020-09-07T14:52:51","modified_gmt":"2020-09-07T12:52:51","slug":"mission-de-veille-environnementale","status":"publish","type":"page","link":"\/?page_id=5823","title":{"rendered":"Mission de Veille Environnementale"},"content":{"rendered":"[vc_row][vc_column][vc_column_text]\r\n<ul>\r\n<li>Mettre en place des syst\u00e8mes d\u2019informations g\u00e9ographiques int\u00e9grant des donn\u00e9es environnementales et climatiques en vue d\u2019assurer le suivi des facteurs interf\u00e9rant avec la dynamique des animaux r\u00e9servoirs et des insectes vecteurs des maladies nouvelles et \u00e9mergentes,<\/li>\r\n<li>Collecter des donn\u00e9es et mener des \u00e9tudes concernant les habitudes et les modes de comportement sociaux \u00e9mergents pouvant \u00eatre en rapport avec l\u2019\u00e9mergence et la circulation de maladies infectieuses,<\/li>\r\n<li>Veiller \u00e0 renforcer l\u2019\u00e9change des informations, la coop\u00e9ration et la coordination avec les autres instances responsables des secteurs dont les activit\u00e9s peuvent \u00eatre en relation avec l\u2019apparition des maladies nouvelles et \u00e9mergentes,<\/li>\r\n<li>Veiller \u00e0 la diffusion des informations dans le domaine des maladies nouvelles et \u00e9mergentes et la mise en place de syst\u00e8mes d\u2019information et de bases des donn\u00e9es,<\/li>\r\n<li>Contribuer au renforcement de la formation dans le domaine de l\u2019\u00e9pid\u00e9miologie d\u2019intervention.<\/li>\r\n<\/ul>\r\n[\/vc_column_text][\/vc_column][\/vc_row]\r\n[vc_empty_space height=\u00a0\u00bb22px\u00a0\u00bb]\r\n<em>Derni\u00e8re Modification :<\/em>  07\/09\/2020 02:52:51\r\n[vc_empty_space height=\u00a0\u00bb22px\u00a0\u00bb]","protected":false},"excerpt":{"rendered":"<p>[vc_row][vc_column][vc_column_text] Mettre en place des syst\u00e8mes d\u2019informations g\u00e9ographiques int\u00e9grant des donn\u00e9es environnementales et climatiques en vue d\u2019assurer le suivi des facteurs interf\u00e9rant avec la dynamique des animaux r\u00e9servoirs et des insectes vecteurs des maladies nouvelles et \u00e9mergentes, Collecter des donn\u00e9es&hellip;<\/p>\n","protected":false},"author":1,"featured_media":0,"parent":0,"menu_order":0,"comment_status":"closed","ping_status":"closed","template":"","meta":{"_bbp_topic_count":0,"_bbp_reply_count":0,"_bbp_total_topic_count":0,"_bbp_total_reply_count":0,"_bbp_voice_count":0,"_bbp_anonymous_reply_count":0,"_bbp_topic_count_hidden":0,"_bbp_reply_count_hidden":0,"_bbp_forum_subforum_count":0,"_links_to":"","_links_to_target":""},"_links":{"self":[{"href":"\/index.php?rest_route=\/wp\/v2\/pages\/5823"}],"collection":[{"href":"\/index.php?rest_route=\/wp\/v2\/pages"}],"about":[{"href":"\/index.php?rest_route=\/wp\/v2\/types\/page"}],"author":[{"embeddable":true,"href":"\/index.php?rest_route=\/wp\/v2\/users\/1"}],"replies":[{"embeddable":true,"href":"\/index.php?rest_route=%2Fwp%2Fv2%2Fcomments&post=5823"}],"version-history":[{"count":6,"href":"\/index.php?rest_route=\/wp\/v2\/pages\/5823\/revisions"}],"predecessor-version":[{"id":8776,"href":"\/index.php?rest_route=\/wp\/v2\/pages\/5823\/revisions\/8776"}],"wp:attachment":[{"href":"\/index.php?rest_route=%2Fwp%2Fv2%2Fmedia&parent=5823"}],"curies":[{"name":"wp","href":"https:\/\/api.w.org\/{rel}","templated":true}]}}