



{"id":5818,"date":"2020-08-12T13:12:07","date_gmt":"2020-08-12T11:12:07","guid":{"rendered":"http:\/\/cresus-209.ovh\/onmne.tn\/?page_id=5818"},"modified":"2020-09-07T14:46:48","modified_gmt":"2020-09-07T12:46:48","slug":"mission-de-veille-sanitaire","status":"publish","type":"page","link":"\/?page_id=5818","title":{"rendered":"Mission de veille sanitaire"},"content":{"rendered":"[vc_row][vc_column][vc_column_text]\n<ul>\n<li>Promouvoir la capacit\u00e9 du dispositif national de surveillance \u00e9pid\u00e9miologique dans les domaines de la d\u00e9tection pr\u00e9coce, du signalement rapide et de l\u2019investigation des maladies nouvelles et \u00e9mergentes,<\/li>\n<li>Rassembler et analyser les connaissances disponibles sur les maladies nouvelles et \u00e9mergentes en vue d\u2019identifier les menaces potentielles, d\u2019en alerter les instances concern\u00e9es et leur recommander les mesures de pr\u00e9vention indiqu\u00e9es selon l\u2019\u00e9tat des connaissances les plus r\u00e9centes,<\/li>\n<li>Veiller \u00e0 l\u2019identification rapide de la souche microbienne responsable, en cas de maladie nouvelle ou \u00e9mergente d\u2019origine infectieuse, par la mise en place d\u2019un r\u00e9seau op\u00e9rationnel de diagnostic micro-biologique des maladies infectieuses impliquant un ensemble de laboratoires sp\u00e9cialis\u00e9s rattach\u00e9s \u00e0 l\u2019observatoire pour assurer le r\u00f4le de veille micro-biologique et intervenir dans l\u2019investigation des pouss\u00e9es \u00e9pid\u00e9mique,<\/li>\n<li>Collecter les donn\u00e9es concernant la situation des maladies nouvelles et \u00e9mergentes \u00e0 l\u2019\u00e9chelle mondiale, notamment celles \u00e0 potentiel \u00e9pid\u00e9mique et diffuser ces informations aupr\u00e8s des instances concern\u00e9es et des \u00e9quipes de sant\u00e9 et assurer la coordination avec les organisations internationales sp\u00e9cialis\u00e9es dans ce domaine.<\/li>\n<\/ul>\n[\/vc_column_text][\/vc_column][\/vc_row][vc_empty_space height=\u00a0\u00bb22px\u00a0\u00bb][vc_row][vc_column][vc_column_text]\n <em>Derni\u00e8re Modification:<\/em>  07\/09\/2020 02:46:48\n[\/vc_column_text][\/vc_column][\/vc_row][vc_empty_space height=\u00a0\u00bb22px\u00a0\u00bb]\n","protected":false},"excerpt":{"rendered":"<p>[vc_row][vc_column][vc_column_text] Promouvoir la capacit\u00e9 du dispositif national de surveillance \u00e9pid\u00e9miologique dans les domaines de la d\u00e9tection pr\u00e9coce, du signalement rapide et de l\u2019investigation des maladies nouvelles et \u00e9mergentes, Rassembler et analyser les connaissances disponibles sur les maladies nouvelles et \u00e9mergentes&hellip;<\/p>\n","protected":false},"author":1,"featured_media":0,"parent":0,"menu_order":0,"comment_status":"closed","ping_status":"closed","template":"","meta":{"_bbp_topic_count":0,"_bbp_reply_count":0,"_bbp_total_topic_count":0,"_bbp_total_reply_count":0,"_bbp_voice_count":0,"_bbp_anonymous_reply_count":0,"_bbp_topic_count_hidden":0,"_bbp_reply_count_hidden":0,"_bbp_forum_subforum_count":0,"_links_to":"","_links_to_target":""},"_links":{"self":[{"href":"\/index.php?rest_route=\/wp\/v2\/pages\/5818"}],"collection":[{"href":"\/index.php?rest_route=\/wp\/v2\/pages"}],"about":[{"href":"\/index.php?rest_route=\/wp\/v2\/types\/page"}],"author":[{"embeddable":true,"href":"\/index.php?rest_route=\/wp\/v2\/users\/1"}],"replies":[{"embeddable":true,"href":"\/index.php?rest_route=%2Fwp%2Fv2%2Fcomments&post=5818"}],"version-history":[{"count":9,"href":"\/index.php?rest_route=\/wp\/v2\/pages\/5818\/revisions"}],"predecessor-version":[{"id":8774,"href":"\/index.php?rest_route=\/wp\/v2\/pages\/5818\/revisions\/8774"}],"wp:attachment":[{"href":"\/index.php?rest_route=%2Fwp%2Fv2%2Fmedia&parent=5818"}],"curies":[{"name":"wp","href":"https:\/\/api.w.org\/{rel}","templated":true}]}}