



{"id":5728,"date":"2020-08-12T15:09:03","date_gmt":"2020-08-12T13:09:03","guid":{"rendered":"http:\/\/cresus-209.ovh\/onmne.tn\/?page_id=5728"},"modified":"2022-02-04T15:05:50","modified_gmt":"2022-02-04T14:05:50","slug":"utilisation-des-donnees-et-copyright","status":"publish","type":"page","link":"\/?page_id=5728","title":{"rendered":"Utilisation des donn\u00e9es et copyright"},"content":{"rendered":"[vc_row][vc_column][vc_column_text]Les donn\u00e9es et les informations pr\u00e9sentes sur le site Internet\u00a0<a href=\"https:\/\/www.onmne.tn\/\" target=\"_blank\" rel=\"noreferrer noopener\">www.onmne.tn<\/a>\u00a0sont mises \u00e0 la disposition du public par l&rsquo;Observatoire National des Maladies Nouvelles et \u00c9mergentes.<br \/>Ces informations sont prot\u00e9g\u00e9es par d&rsquo;autres conventions internationales et par les l\u00e9gislations nationales sur le droit d&rsquo;auteur et les droits d\u00e9riv\u00e9s.<\/p>\r\n<p>\r\n\r\nL&rsquo;information et les donn\u00e9es contenues sur le site Internet peuvent faire l&rsquo;objet de revues, ou \u00eatre reproduites ou traduites \u00e0 des fins de recherche ou d&rsquo;\u00e9tude personnelle, mais ne peuvent \u00eatre ni vendues ni utilis\u00e9es \u00e0 des fins commerciales.<\/p>\r\n<p>\r\n\r\nToute utilisation des donn\u00e9es ou des informations provenant du site Internet de l&rsquo;Observatoire National des Maladies Nouvelles et \u00c9mergentes (ONMNE) doit obligatoirement mentionner l&rsquo;ONMNE en tant que source de l&rsquo;information et le cas \u00e9ch\u00e9ant les partenaires associ\u00e9s \u00e0 ces donn\u00e9es ou informations.<\/p>\r\n<p>\r\n\r\nLa reproduction, la traduction, ou toute utilisation de donn\u00e9es ou d\u2019informations provenant du site Internet de l\u2019ONMNE \u00e0 des fins autres que de recherches, d&rsquo;\u00e9tudes personnelles, \u00e9ducatives et non commerciales, sont subordonn\u00e9es \u00e0 l&rsquo;obtention pr\u00e9alable d&rsquo;une autorisation \u00e9crite formelle du directeur g\u00e9n\u00e9ral de l\u2019ONMNE.<\/p>\r\n[\/vc_column_text][\/vc_column][\/vc_row][vc_row][vc_column]<form style='display:none' class='pw_ticker_form_20'><input name='pw_atts' value=\r\r\n\t\t\t\t'{\"ticker_base\":\"category_base\",\"ticker_height\":\"25\",\"ticker_pos\":\"pl-fixed-wrapper pl-fix-bottom\",\"hide_title\":\"hide_title\",\"open_link_new\":\"_blank\",\"show_date\":\"yes\",\"date_format\":\"F j, Y\",\"carousel_effect\":\"marquee\",\"ticker_border\":\"0,0,0,0,solid,#dd3333\",\"content_background\":\"#dd3333\",\"content_font\":\"inherit,13,#FFFFFF,#ffffff,#CCCCCC\",\"pw_query\":\"size:10|order_by:date|order:DESC|post_type:post|categories:85\"}' \/><input name='pw_rand_id' value=\r\r\n\t\t\t\t'20' \/><\/form>\r\r\n<div class=\"main-ticker-wrapper main-ticker-20  pl-fixed-wrapper pl-fix-bottom pl-ltr-ticker hide_toggle \">\r\r\n\t <div class=\"main-ticker-cnt main-ticker-cnt-20\">\r\r\n\t<div class=\"pl-ticker-cnt pl-horizontal-ticker pl-timer-disable pl-ticker-hide-nav\">\r\r\n\t\t<div class=\"pl-bloading pl-bloading-20\"><i class=\"fa fa-circle-o-notch fa-spin\"><\/i><\/div>\r\r\n\t\t<div class=\"pl-ticker-content-cnt pl-ticker-content-cnt-20 pl-marquee left-direction\"   style=\"display:none\">\r\r\n\t\t<div class=\"pl-slick-20 pl-slider-cnt \" data-slider-id=\"20\" >\r\r\n\t\t\t\t\t<div class=\"pl-slider-slide\"  >\r\r\n\t\t\t\t\t\t<div class=\"pl-ticker-content-item\">\r\r\n\t\t\t\t\t\t\t\r\r\n\t\t\t\t\t\t\t<div class=\"pl-title\">\r\r\n\t\t\t\t\t\t\t\t\t<div class=\"pl-date\"><span>septembre 20, 2025<\/span><\/div><a href=\"\/?p=17560\"  target=\"_blank\">Circulaire N\u00b037\/2025: Renforcement du plan de veille et de pr\u00e9vention contre la propagation du virus West Nile <\/a>\r\r\n\t\t\t\t\t\t\t<\/div><!--pl-title -->\r\r\n\t\t\t\t\t\t<\/div><!--pl-ticker-content-item -->\r\r\n\t\t\t\t\t<\/div><!--pl-slider-slide -->\t\r\r\n\t\t\t\t\t<div class=\"pl-slider-slide\"  >\r\r\n\t\t\t\t\t\t<div class=\"pl-ticker-content-item\">\r\r\n\t\t\t\t\t\t\t\r\r\n\t\t\t\t\t\t\t<div class=\"pl-title\">\r\r\n\t\t\t\t\t\t\t\t\t<div class=\"pl-date\"><span>ao\u00fbt 19, 2025<\/span><\/div><a href=\"\/?p=17559\"  target=\"_blank\">Appel \u00e0 candidature pour la 2\u1d49 cohorte de la formation LabEpi+ 2025-ONMNE <\/a>\r\r\n\t\t\t\t\t\t\t<\/div><!--pl-title -->\r\r\n\t\t\t\t\t\t<\/div><!--pl-ticker-content-item -->\r\r\n\t\t\t\t\t<\/div><!--pl-slider-slide -->\t\r\r\n\t\t\t\t\t<div class=\"pl-slider-slide\"  >\r\r\n\t\t\t\t\t\t<div class=\"pl-ticker-content-item\">\r\r\n\t\t\t\t\t\t\t\r\r\n\t\t\t\t\t\t\t<div class=\"pl-title\">\r\r\n\t\t\t\t\t\t\t\t\t<div class=\"pl-date\"><span>d\u00e9cembre 16, 2024<\/span><\/div><a href=\"\/?p=17556\"  target=\"_blank\">Programme webinaire Maladies vectorielles \u00e9mergentes le 18 d\u00e9cembre 2024 <\/a>\r\r\n\t\t\t\t\t\t\t<\/div><!--pl-title -->\r\r\n\t\t\t\t\t\t<\/div><!--pl-ticker-content-item -->\r\r\n\t\t\t\t\t<\/div><!--pl-slider-slide -->\t\r\r\n\t\t\t\t\t<div class=\"pl-slider-slide\"  >\r\r\n\t\t\t\t\t\t<div class=\"pl-ticker-content-item\">\r\r\n\t\t\t\t\t\t\t\r\r\n\t\t\t\t\t\t\t<div class=\"pl-title\">\r\r\n\t\t\t\t\t\t\t\t\t<div class=\"pl-date\"><span>octobre 8, 2024<\/span><\/div><a href=\"\/?p=17510\"  target=\"_blank\">CDC&rsquo;s Epidemic Intelligence Service (EIS) Conference Call For Abstracts Opens October 15! Deadline December 3, 2024 <\/a>\r\r\n\t\t\t\t\t\t\t<\/div><!--pl-title -->\r\r\n\t\t\t\t\t\t<\/div><!--pl-ticker-content-item -->\r\r\n\t\t\t\t\t<\/div><!--pl-slider-slide -->\t\r\r\n\t\t\t\t\t<div class=\"pl-slider-slide\"  >\r\r\n\t\t\t\t\t\t<div class=\"pl-ticker-content-item\">\r\r\n\t\t\t\t\t\t\t\r\r\n\t\t\t\t\t\t\t<div class=\"pl-title\">\r\r\n\t\t\t\t\t\t\t\t\t<div class=\"pl-date\"><span>septembre 24, 2024<\/span><\/div><a href=\"\/?p=17506\"  target=\"_blank\">Appel \u00e0 candidature responsable syst\u00e8me d&rsquo;information contractuel-ONMNE <\/a>\r\r\n\t\t\t\t\t\t\t<\/div><!--pl-title -->\r\r\n\t\t\t\t\t\t<\/div><!--pl-ticker-content-item -->\r\r\n\t\t\t\t\t<\/div><!--pl-slider-slide -->\t\r\r\n\t\t\t\t\t<div class=\"pl-slider-slide\"  >\r\r\n\t\t\t\t\t\t<div class=\"pl-ticker-content-item\">\r\r\n\t\t\t\t\t\t\t\r\r\n\t\t\t\t\t\t\t<div class=\"pl-title\">\r\r\n\t\t\t\t\t\t\t\t\t<div class=\"pl-date\"><span>septembre 10, 2024<\/span><\/div><a href=\"\/?p=17498\"  target=\"_blank\">Congr\u00e8s m\u00e9dical\u00ab Actualit\u00e9s et Innovations dans la Pr\u00e9vention du Risque Cardiovasculaire \u00bb Tunis,les 11 &#038; 12 octobre 2024 &#8211; facult\u00e9 de M\u00e9decine de Tunis- Date limite de soumission des r\u00e9sum\u00e9s prolong\u00e9e au lundi 30 septembre 2024 <\/a>\r\r\n\t\t\t\t\t\t\t<\/div><!--pl-title -->\r\r\n\t\t\t\t\t\t<\/div><!--pl-ticker-content-item -->\r\r\n\t\t\t\t\t<\/div><!--pl-slider-slide -->\t\r\r\n\t\t\t\t\t<div class=\"pl-slider-slide\"  >\r\r\n\t\t\t\t\t\t<div class=\"pl-ticker-content-item\">\r\r\n\t\t\t\t\t\t\t\r\r\n\t\t\t\t\t\t\t<div class=\"pl-title\">\r\r\n\t\t\t\t\t\t\t\t\t<div class=\"pl-date\"><span>septembre 4, 2024<\/span><\/div><a href=\"\/?p=17489\"  target=\"_blank\">Appel \u00e0 candidature pour la Cohorte 3 du Programme de Renforcement des capacit\u00e9s en Sant\u00e9 Publique &#8211; Epid\u00e9miologie de Terrain de base <\/a>\r\r\n\t\t\t\t\t\t\t<\/div><!--pl-title -->\r\r\n\t\t\t\t\t\t<\/div><!--pl-ticker-content-item -->\r\r\n\t\t\t\t\t<\/div><!--pl-slider-slide -->\t\r\r\n\t\t\t\t\t<div class=\"pl-slider-slide\"  >\r\r\n\t\t\t\t\t\t<div class=\"pl-ticker-content-item\">\r\r\n\t\t\t\t\t\t\t\r\r\n\t\t\t\t\t\t\t<div class=\"pl-title\">\r\r\n\t\t\t\t\t\t\t\t\t<div class=\"pl-date\"><span>juillet 12, 2024<\/span><\/div><a href=\"\/?p=17486\"  target=\"_blank\">Appel \u00e0 candidature un ing\u00e9nieur biostatistique contractuel-ONMNE <\/a>\r\r\n\t\t\t\t\t\t\t<\/div><!--pl-title -->\r\r\n\t\t\t\t\t\t<\/div><!--pl-ticker-content-item -->\r\r\n\t\t\t\t\t<\/div><!--pl-slider-slide -->\t\r\r\n\t\t\t\t\t<div class=\"pl-slider-slide\"  >\r\r\n\t\t\t\t\t\t<div class=\"pl-ticker-content-item\">\r\r\n\t\t\t\t\t\t\t\r\r\n\t\t\t\t\t\t\t<div class=\"pl-title\">\r\r\n\t\t\t\t\t\t\t\t\t<div class=\"pl-date\"><span>juillet 12, 2024<\/span><\/div><a href=\"\/?p=17478\"  target=\"_blank\">Appel \u00e0 candidature 02 ing\u00e9nieurs informatique contractuels-ONMNE <\/a>\r\r\n\t\t\t\t\t\t\t<\/div><!--pl-title -->\r\r\n\t\t\t\t\t\t<\/div><!--pl-ticker-content-item -->\r\r\n\t\t\t\t\t<\/div><!--pl-slider-slide -->\t\r\r\n\t\t\t\t\t<div class=\"pl-slider-slide\"  >\r\r\n\t\t\t\t\t\t<div class=\"pl-ticker-content-item\">\r\r\n\t\t\t\t\t\t\t\r\r\n\t\t\t\t\t\t\t<div class=\"pl-title\">\r\r\n\t\t\t\t\t\t\t\t\t<div class=\"pl-date\"><span>juillet 12, 2024<\/span><\/div><a href=\"\/?p=17472\"  target=\"_blank\">Appel \u00e0 candidature un data scientist contractuel-ONMNE <\/a>\r\r\n\t\t\t\t\t\t\t<\/div><!--pl-title -->\r\r\n\t\t\t\t\t\t<\/div><!--pl-ticker-content-item -->\r\r\n\t\t\t\t\t<\/div><!--pl-slider-slide -->\t\t\r\r\n\t\t\t\t\t<\/div>\r\r\n\t\t\t\t<\/div><!-- -->\t\t \r\r\n\t\t\t<\/div>\r\r\n\t\t<\/div><!--main-ticker-cnt --->\r\r\n    <\/div><!--main-ticker-wrapper --> \r\r\n\t\r\r\n\t<script type=\"text\/javascript\">\r\r\n\t\t\t\tvar myInterval_20;\r\r\n\t\t\t\t\r\r\n\t\t\t\t\/\/jQuery(document).ready(function() {\t\r\r\n\t\t\t\tjQuery(window).load(function() {\r\r\n\r\r\n\t\t\t\t\tfunction general_interval_build(rand_id){\r\r\n\r\r\n\t\t\t\t\t\tclearInterval(myInterval_20);\r\r\n\t\t\t\t\t\tmyInterval_20 =setInterval(function () {\r\r\n\t\t\t\t\t\t\t\r\r\n\t\t\t\t\t\t\tif(jQuery(\"html\").find(\".pl-filter-item-20\")>1)\r\r\n\t\t\t\t\t\t\t{\r\r\n\t\t\t\t\t\t\t\tjQuery(\".pl-filter-item-20\").find(\".pw_active_filter\").trigger(\"click\");\r\r\n\t\t\t\t\t\t\t}\r\r\n\t\t\t\t\t\t\telse{\r\r\n\t\t\t\t\t\t\t\tgeneral_interval_build(\"20\");\r\r\n\t\t\t\t\t\t\t}\r\r\n\t\t\t\t\t\t\t\r\r\n\t\t\t\t\t\t},600000);\r\r\n\t\t\t\t\t\t\r\r\n\t\t\t\t\t\tvar pdata = {\r\r\n\t\t\t\t\t\t\taction: \"pw_fetch_ticker_cat_items\",\r\r\n\t\t\t\t\t\t\tpostdata: jQuery(\".pw_ticker_form_\"+rand_id).serialize()+\"&cat_id=no_cat\",\r\r\n\t\t\t\t\t\t\tnonce: \"b3e06f917a\",\r\r\n\t\t\t\t\t\t};\r\r\n\t\t\t\t\t\t\r\r\n\t\t\t\t\t\tjQuery(\".pl-ticker-content-cnt-20\").html(\"<div class='pl-ticker-loading'><i class='fa fa-circle-o-notch fa-spin'><\/i><\/div>\");\r\r\n\t\t\t\t\t\tjQuery.ajax ({\r\r\n\t\t\t\t\t\t\ttype: \"POST\",\r\r\n\t\t\t\t\t\t\turl : \"\/wp-admin\/admin-ajax.php\",\r\r\n\t\t\t\t\t\t\tdata:  pdata,\r\r\n\t\t\t\t\t\t\tdataType: \"html\",\r\r\n\t\t\t\t\t\t\tsuccess : function(resp){\r\r\n\t\t\t\t\t\t\t\t\/\/confirm(resp);\r\r\n\t\t\t\t\t\t\t\t\r\r\n\t\t\t\t\t\t\t\tvar datas=resp.split(\"@#\");\r\r\n\t\t\t\t\t\t\t\tjQuery(\".pl-ticker-content-cnt-20\").html(datas[0]);\r\r\n\t\t\t\t\t\t\t\tjQuery(\".pl-time-hour-20\").html(datas[1]);\r\r\n\t\t\t\t\t\t\t\t\/\/confirm(resp);\r\r\n\t\t\t\t\t\t\t\tapply_js();\r\r\n\t\t\t\t\t\t\t}\r\r\n\t\t\t\t\t\t});\r\r\n\t\t\t\t\t\t\r\r\n\t\t\t\t\t}\r\r\n\t\t\t\t\t\r\r\n\t\t\t\t\t\r\r\n\r\r\n\t\t\t\t\tjQuery(\".pl-filter-item-20\").find(\"li\").click(function(){\t\r\r\n\t\t\t\t\t\tvar cat_id=jQuery(this).attr(\"data-tax-id\");\r\r\n\t\t\t\t\t\tvar rand_id=jQuery(this).attr(\"data-id\");\r\r\n\t\t\t\t\t\t\r\r\n\t\t\t\t\t\tjQuery(this).siblings(\".pw_active_filter\").removeClass(\"pw_active_filter\");\r\r\n\t\t\t\t\t\tjQuery(this).addClass(\"pw_active_filter\");\r\r\n\t\t\t\t\t\t\r\r\n\t\t\t\t\t\t\/\/Change title of ticker after click on filters\r\r\n\t\t\t\t\t\t\tif(jQuery(this).attr(\"data-item\")===\"all\")\r\r\n\t\t\t\t\t\t\tvar title=jQuery(this).attr(\"data-title\");\r\r\nelse\r\r\n\t\t\t\t\t\tvar title=jQuery(this).html();\r\r\n\t\t\t\t\t\tjQuery(\".pl-ticker-title-20\").html(title);\r\r\n\r\r\n\t\t\t\t\t\tvar pdata = {\r\r\n\t\t\t\t\t\t\taction: \"pw_fetch_ticker_cat_items\",\r\r\n\t\t\t\t\t\t\tpostdata: jQuery(\".pw_ticker_form_\"+rand_id).serialize()+\"&cat_id=\"+cat_id,\r\r\n\t\t\t\t\t\t\tnonce: \"b3e06f917a\",\r\r\n\t\t\t\t\t\t};\r\r\n\t\t\t\t\t\t\r\r\n\t\t\t\t\t\tjQuery(\".pl-ticker-content-cnt-20\").html(\"<div class='pl-ticker-loading'><i class='fa fa-circle-o-notch fa-spin'><\/i><\/div>\");\r\r\n\t\t\t\t\t\tjQuery.ajax ({\r\r\n\t\t\t\t\t\t\ttype: \"POST\",\r\r\n\t\t\t\t\t\t\turl : \"\/wp-admin\/admin-ajax.php\",\r\r\n\t\t\t\t\t\t\tdata:  pdata,\r\r\n\t\t\t\t\t\t\tdataType: \"html\",\r\r\n\t\t\t\t\t\t\tsuccess : function(resp){\r\r\n\t\t\t\t\t\t\t\t\/\/confirm(resp);\r\r\n\t\t\t\t\t\t\t\t\r\r\n\t\t\t\t\t\t\t\tvar datas=resp.split(\"@#\");\r\r\n\t\t\t\t\t\t\t\t\r\r\n\t\t\t\t\t\t\t\t\r\r\n\t\t\t\t\t\t\t\tjQuery(\".pl-ticker-content-cnt-20\").html(datas[0]);\r\r\n\t\t\t\t\t\t\t\tjQuery(\".pl-time-hour-20\").html(datas[1]);\r\r\n\t\t\t\t\t\t\t\t\/\/confirm(resp);\r\r\n\t\t\t\t\t\t\t\tapply_js();\r\r\n\t\t\t\t\t\t\t}\r\r\n\t\t\t\t\t\t});\r\r\n\t\t\t\t\t});\r\r\n\t\t\t\t\t\r\r\n\t\t\t\t\t\r\r\n\t\t\t\tfunction apply_js(){\r\r\n\t\t\t\t\t\t\t\t\/\/jQuery(\".main-ticker-20\").show();\r\r\n\t\t\t\t\t\t\t\tjQuery(\".pl-ticker-content-cnt-20\").show();\r\r\n\t\t\t\t\t\t\t\tjQuery(\".pl-bloading-20\").hide();\r\r\n\t\t\t\t\t\t\t\tjQuery(\".pl-slick-20\").liMarquee({\r\r\n\t\t\t\t\t\t\t\t\tdirection:\"left\",\t\r\r\n\t\t\t\t\t\t\t\t\tloop:-1,\t\t\t\r\r\n\t\t\t\t\t\t\t\t\tscrolldelay: 0,\t\t\r\r\n\t\t\t\t\t\t\t\t\tscrollamount:20,\t\r\r\n\t\t\t\t\t\t\t\t\tcircular: true,\t\t\r\r\n\t\t\t\t\t\t\t\t\tdrag: false,\r\r\n\t\t\t\t\t\t\t\t\t\r\r\n\t\t\t\t\t\t\t\t});\r\r\n\t\t\t\t\t\t\r\r\n\t\t\t\t}\r\r\n\t\t\t\t\r\r\n\t\t\t\tapply_js();\r\r\n\t\t\t\t});\r\r\n\t\t\t<\/script>\r\r\n\t[\/vc_column][\/vc_row][vc_row][vc_column][vc_column_text]\r\n<em>Derni\u00e8re Modification :<\/em>  12\/07\/2024 04:57:55\r\n[\/vc_column_text][\/vc_column][\/vc_row]","protected":false},"excerpt":{"rendered":"<p>[vc_row][vc_column][vc_column_text]Les donn\u00e9es et les informations pr\u00e9sentes sur le site Internet\u00a0www.onmne.tn\u00a0sont mises \u00e0 la disposition du public par l&rsquo;Observatoire National des Maladies Nouvelles et \u00c9mergentes.Ces informations sont prot\u00e9g\u00e9es par d&rsquo;autres conventions internationales et par les l\u00e9gislations nationales sur le droit d&rsquo;auteur&hellip;<\/p>\n","protected":false},"author":1,"featured_media":0,"parent":0,"menu_order":0,"comment_status":"closed","ping_status":"closed","template":"","meta":{"_bbp_topic_count":0,"_bbp_reply_count":0,"_bbp_total_topic_count":0,"_bbp_total_reply_count":0,"_bbp_voice_count":0,"_bbp_anonymous_reply_count":0,"_bbp_topic_count_hidden":0,"_bbp_reply_count_hidden":0,"_bbp_forum_subforum_count":0,"_links_to":"","_links_to_target":""},"_links":{"self":[{"href":"\/index.php?rest_route=\/wp\/v2\/pages\/5728"}],"collection":[{"href":"\/index.php?rest_route=\/wp\/v2\/pages"}],"about":[{"href":"\/index.php?rest_route=\/wp\/v2\/types\/page"}],"author":[{"embeddable":true,"href":"\/index.php?rest_route=\/wp\/v2\/users\/1"}],"replies":[{"embeddable":true,"href":"\/index.php?rest_route=%2Fwp%2Fv2%2Fcomments&post=5728"}],"version-history":[{"count":5,"href":"\/index.php?rest_route=\/wp\/v2\/pages\/5728\/revisions"}],"predecessor-version":[{"id":16206,"href":"\/index.php?rest_route=\/wp\/v2\/pages\/5728\/revisions\/16206"}],"wp:attachment":[{"href":"\/index.php?rest_route=%2Fwp%2Fv2%2Fmedia&parent=5728"}],"curies":[{"name":"wp","href":"https:\/\/api.w.org\/{rel}","templated":true}]}}