



{"id":5719,"date":"2020-07-15T16:15:44","date_gmt":"2020-07-15T14:15:44","guid":{"rendered":"http:\/\/cresus-209.ovh\/onmne.tn\/?page_id=5719"},"modified":"2022-02-04T15:04:19","modified_gmt":"2022-02-04T14:04:19","slug":"information-medicale","status":"publish","type":"page","link":"\/?page_id=5719","title":{"rendered":"Information m\u00e9dicale"},"content":{"rendered":"[vc_row][vc_column][vc_column_text]Aucune donn\u00e9e personnelle \u00e0 caract\u00e8re m\u00e9dical n&rsquo;est contenue dans le site Internet de l\u2019Observatoire National des Maladies Nouvelles et \u00c9mergentes.<br \/>Les informations fournies sur\u00a0<a href=\"https:\/\/www.onmne.tn\/\" target=\"_blank\" rel=\"noreferrer noopener\">www.onmne.tn<\/a>\u00a0sont destin\u00e9es \u00e0 am\u00e9liorer, non \u00e0 remplacer, la relation qui existe entre le patient (ou visiteur du site) et son m\u00e9decin.<br \/>L\u2019Observatoire National des Maladies Nouvelles et \u00c9mergentes ne r\u00e9pond pas aux demandes individuelles d&rsquo;avis m\u00e9dical.<\/p>\r\n[\/vc_column_text][\/vc_column][\/vc_row]\r\n[vc_empty_space height=\u00a0\u00bb22px\u00a0\u00bb]\r\n<em>Derni\u00e8re Modification :<\/em>  04\/02\/2022 03:04:19\r\n[vc_empty_space height=\u00a0\u00bb22px\u00a0\u00bb]","protected":false},"excerpt":{"rendered":"<p>[vc_row][vc_column][vc_column_text]Aucune donn\u00e9e personnelle \u00e0 caract\u00e8re m\u00e9dical n&rsquo;est contenue dans le site Internet de l\u2019Observatoire National des Maladies Nouvelles et \u00c9mergentes.Les informations fournies sur\u00a0www.onmne.tn\u00a0sont destin\u00e9es \u00e0 am\u00e9liorer, non \u00e0 remplacer, la relation qui existe entre le patient (ou visiteur du site)&hellip;<\/p>\n","protected":false},"author":1,"featured_media":0,"parent":0,"menu_order":0,"comment_status":"closed","ping_status":"closed","template":"","meta":{"_bbp_topic_count":0,"_bbp_reply_count":0,"_bbp_total_topic_count":0,"_bbp_total_reply_count":0,"_bbp_voice_count":0,"_bbp_anonymous_reply_count":0,"_bbp_topic_count_hidden":0,"_bbp_reply_count_hidden":0,"_bbp_forum_subforum_count":0,"_links_to":"","_links_to_target":""},"_links":{"self":[{"href":"\/index.php?rest_route=\/wp\/v2\/pages\/5719"}],"collection":[{"href":"\/index.php?rest_route=\/wp\/v2\/pages"}],"about":[{"href":"\/index.php?rest_route=\/wp\/v2\/types\/page"}],"author":[{"embeddable":true,"href":"\/index.php?rest_route=\/wp\/v2\/users\/1"}],"replies":[{"embeddable":true,"href":"\/index.php?rest_route=%2Fwp%2Fv2%2Fcomments&post=5719"}],"version-history":[{"count":8,"href":"\/index.php?rest_route=\/wp\/v2\/pages\/5719\/revisions"}],"predecessor-version":[{"id":16202,"href":"\/index.php?rest_route=\/wp\/v2\/pages\/5719\/revisions\/16202"}],"wp:attachment":[{"href":"\/index.php?rest_route=%2Fwp%2Fv2%2Fmedia&parent=5719"}],"curies":[{"name":"wp","href":"https:\/\/api.w.org\/{rel}","templated":true}]}}