



{"id":5705,"date":"2020-08-12T14:40:45","date_gmt":"2020-08-12T12:40:45","guid":{"rendered":"http:\/\/cresus-209.ovh\/onmne.tn\/?page_id=5705"},"modified":"2020-09-10T11:16:38","modified_gmt":"2020-09-10T09:16:38","slug":"section-3-le-conseil-scientifique","status":"publish","type":"page","link":"\/?page_id=5705","title":{"rendered":"Section 3 &#8211; Le conseil scientifique"},"content":{"rendered":"[vc_row][vc_column][vc_column_text]\r\n<p><strong>Art. 18.<\/strong><\/p>\r\n<p>Le directeur g\u00e9n\u00e9ral est assist\u00e9 dans les missions d\u2019information, de formation, de documentation et d\u2019\u00e9tudes par un conseil scientifique compos\u00e9 de :<\/p>\r\n<p><strong>Pr\u00e9sident :<\/strong> <strong>\u00a0<\/strong>le directeur g\u00e9n\u00e9ral de l\u2019observatoire.<\/p>\r\n<p><strong>Membres :<\/strong><\/p>\r\n<ul>\r\n<li>le directeur g\u00e9n\u00e9ral de la sant\u00e9 publique ou son repr\u00e9sentant,<\/li>\r\n<li>le directeur g\u00e9n\u00e9ral de l\u2019agence nationale de contr\u00f4le sanitaire et environnemental des produits ou son repr\u00e9sentant,<\/li>\r\n<li>le directeur g\u00e9n\u00e9ral de l\u2019agence nationale de protection de l\u2019environnement ou son repr\u00e9sentant,<\/li>\r\n<li>le directeur g\u00e9n\u00e9ral de l\u2019institut Pasteur ou son repr\u00e9sentant,<\/li>\r\n<li>le directeur g\u00e9n\u00e9ral des services v\u00e9t\u00e9rinaires du minist\u00e8re de l\u2019agriculture et des ressources hydrauliques ou son repr\u00e9sentant,<\/li>\r\n<li>le directeur g\u00e9n\u00e9ral de l\u2019institut des recherches v\u00e9t\u00e9rinaires ou son repr\u00e9sentant,<\/li>\r\n<li>le directeur g\u00e9n\u00e9ral du centre international des technologies de l\u2019environnement ou son repr\u00e9sentant,<\/li>\r\n<li>le directeur g\u00e9n\u00e9ral de l\u2019institut national des statistiques ou son repr\u00e9sentant,<\/li>\r\n<li>le directeur g\u00e9n\u00e9ral de l\u2019institut national de recherches agricoles ou son repr\u00e9sentant,<\/li>\r\n<li>le directeur g\u00e9n\u00e9ral de l\u2019institut national de m\u00e9t\u00e9orologie ou son repr\u00e9sentant,<\/li>\r\n<\/ul>\r\n<!-- \/wp:paragraph -->\r\n\r\n<!-- wp:list --><!-- \/wp:list -->\r\n\r\n<!-- wp:paragraph -->\r\n[\/vc_column_text][\/vc_column][\/vc_row]\r\n[vc_empty_space height=\u00a0\u00bb22px\u00a0\u00bb]\r\n<em> Derni\u00e8re Modification<\/em> <em>:<\/em>  10\/09\/2020 11:16:38\r\n[vc_empty_space height=\u00a0\u00bb22px\u00a0\u00bb]\r\n<!-- \/wp:paragraph -->\r\n\r\n<!-- wp:nextpage -->\r\n<p><!--nextpage--><\/p>\r\n<!-- \/wp:nextpage -->\r\n\r\n<!-- wp:list -->\r\n[vc_row][vc_column][vc_column_text]\r\n<ul>\r\n<li>le directeur g\u00e9n\u00e9ral du centre national de t\u00e9l\u00e9d\u00e9tection ou son repr\u00e9sentant,<\/li>\r\n<li>le pr\u00e9sident du conseil national de l\u2019ordre des m\u00e9decins ou son repr\u00e9sentant,<\/li>\r\n<li>le pr\u00e9sident du conseil national de l\u2019ordre des pharmaciens ou son repr\u00e9sentant,<\/li>\r\n<li>le doyen de la facult\u00e9 de m\u00e9decine de Tunis ou son repr\u00e9sentant,<\/li>\r\n<li>le directeur de l\u2019\u00e9cole nationale de m\u00e9decine v\u00e9t\u00e9rinaire ou son repr\u00e9sentant,<\/li>\r\n<li>le directeur des soins de sant\u00e9 de base au minist\u00e8re de la sant\u00e9 publique ou son repr\u00e9sentant,<\/li>\r\n<li>le directeur de l\u2019hygi\u00e8ne du milieu et de la protection de l\u2019environnement au minist\u00e8re de la sant\u00e9 publique ou son repr\u00e9sentant,<\/li>\r\n<li>le directeur de l\u2019unit\u00e9 de la pharmacie et des m\u00e9dicaments au minist\u00e8re de la sant\u00e9 publique ou son repr\u00e9sentant,<\/li>\r\n<li>le directeur de l\u2019unit\u00e9 des laboratoires biologiques au minist\u00e8re de la sant\u00e9 publique ou son repr\u00e9sentant,<\/li>\r\n<li>le directeur de la m\u00e9decine scolaire et universitaire au minist\u00e8re de la sant\u00e9 publique ou son repr\u00e9sentant.<\/li>\r\n<\/ul>\r\n<!-- \/wp:list -->\r\n\r\n<!-- wp:paragraph -->\r\n<p>Le pr\u00e9sident du conseil scientifique peut, faire appel \u00e0 toute personne dont la pr\u00e9sence est jug\u00e9e utile en raison de sa comp\u00e9tence dans une question figurant \u00e0 l\u2019ordre du jour de la r\u00e9union.<\/p>\r\n[\/vc_column_text][\/vc_column][\/vc_row]\r\n[vc_empty_space height=\u00a0\u00bb22px\u00a0\u00bb]\r\n<em> Derni\u00e8re Modification<\/em><em> :<\/em>  10\/09\/2020 11:16:38\r\n[vc_empty_space height=\u00a0\u00bb22px\u00a0\u00bb]\r\n<!-- \/wp:paragraph -->\r\n\r\n<!-- wp:paragraph --><!-- \/wp:paragraph -->\r\n\r\n<!-- wp:nextpage -->\r\n<p><!--nextpage--><\/p>\r\n<!-- \/wp:nextpage -->\r\n[vc_row][vc_column][vc_column_text]\r\n<p><strong>Art. 19.<\/strong><\/p>\r\n<p>Le conseil scientifique a pour mission de :\u00a0<\/p>\r\n<!-- wp:list -->\r\n<ul>\r\n<li>Donner son avis sur toutes les questions d\u2019ordre scientifique et technique entrant dans le cadre des activit\u00e9s de l\u2019observatoire,<\/li>\r\n<li>Proposer les objectifs et proc\u00e9der \u00e0 la planification du programme annuel des congr\u00e8s et rencontres scientifiques et de recherches de l\u2019observatoire,<\/li>\r\n<li>Suivre l\u2019\u00e9tat d\u2019avancement des programmes d\u2019activit\u00e9s et des recherches en cours et d\u2019\u00e9valuer leurs r\u00e9sultats,<\/li>\r\n<li>Evaluer et diriger les programmes d\u2019exploitation des donn\u00e9es de l\u2019observatoire et leur diffusion.<\/li>\r\n<\/ul>\r\n<!-- \/wp:list -->\r\n\r\n<!-- wp:paragraph -->\r\n[\/vc_column_text][\/vc_column][\/vc_row]\r\n[vc_empty_space height=\u00a0\u00bb22px\u00a0\u00bb]\r\n<em>Derni\u00e8re Modification<\/em><em>:<\/em>  10\/09\/2020 11:16:38\r\n[vc_empty_space height=\u00a0\u00bb22px\u00a0\u00bb]\r\n<!-- \/wp:paragraph -->\r\n\r\n<!-- wp:nextpage -->\r\n<p><!--nextpage--><\/p>\r\n[vc_row][vc_column][vc_column_text]\r\n<!-- \/wp:nextpage -->\r\n\r\n<!-- wp:paragraph -->\r\n<p><strong>Art. 20.<\/strong><\/p>\r\n<p>\u00a0Le conseil scientifique est soumis, quant \u00e0 la p\u00e9riodicit\u00e9 de ses r\u00e9unions, aux modalit\u00e9s des convocations \u00e0 ces r\u00e9unions, \u00e0 l\u2019\u00e9tablissement de l\u2019ordre du jour, au secr\u00e9tariat et \u00e0 l\u2019\u00e9mission de ses avis, aux r\u00e8gles pr\u00e9vues pour le conseil administratif et fix\u00e9es par les articles 15, 16 et 17 du pr\u00e9sent d\u00e9cret.<\/p>\r\n[\/vc_column_text][\/vc_column][\/vc_row]\r\n[vc_empty_space height=\u00a0\u00bb22px\u00a0\u00bb]\r\n<em>Derni\u00e8re Modification<\/em><em> :<\/em>  10\/09\/2020 11:16:38\r\n[vc_empty_space height=\u00a0\u00bb22px\u00a0\u00bb]","protected":false},"excerpt":{"rendered":"<p>[vc_row][vc_column][vc_column_text] Art. 18. Le directeur g\u00e9n\u00e9ral est assist\u00e9 dans les missions d\u2019information, de formation, de documentation et d\u2019\u00e9tudes par un conseil scientifique compos\u00e9 de : Pr\u00e9sident : \u00a0le directeur g\u00e9n\u00e9ral de l\u2019observatoire. Membres : le directeur g\u00e9n\u00e9ral de la sant\u00e9&hellip;<\/p>\n","protected":false},"author":1,"featured_media":0,"parent":0,"menu_order":0,"comment_status":"closed","ping_status":"closed","template":"","meta":{"_bbp_topic_count":0,"_bbp_reply_count":0,"_bbp_total_topic_count":0,"_bbp_total_reply_count":0,"_bbp_voice_count":0,"_bbp_anonymous_reply_count":0,"_bbp_topic_count_hidden":0,"_bbp_reply_count_hidden":0,"_bbp_forum_subforum_count":0,"_links_to":"","_links_to_target":""},"_links":{"self":[{"href":"\/index.php?rest_route=\/wp\/v2\/pages\/5705"}],"collection":[{"href":"\/index.php?rest_route=\/wp\/v2\/pages"}],"about":[{"href":"\/index.php?rest_route=\/wp\/v2\/types\/page"}],"author":[{"embeddable":true,"href":"\/index.php?rest_route=\/wp\/v2\/users\/1"}],"replies":[{"embeddable":true,"href":"\/index.php?rest_route=%2Fwp%2Fv2%2Fcomments&post=5705"}],"version-history":[{"count":58,"href":"\/index.php?rest_route=\/wp\/v2\/pages\/5705\/revisions"}],"predecessor-version":[{"id":9063,"href":"\/index.php?rest_route=\/wp\/v2\/pages\/5705\/revisions\/9063"}],"wp:attachment":[{"href":"\/index.php?rest_route=%2Fwp%2Fv2%2Fmedia&parent=5705"}],"curies":[{"name":"wp","href":"https:\/\/api.w.org\/{rel}","templated":true}]}}