



{"id":5697,"date":"2020-08-12T13:19:05","date_gmt":"2020-08-12T11:19:05","guid":{"rendered":"http:\/\/cresus-209.ovh\/onmne.tn\/?page_id=5697"},"modified":"2020-09-10T10:57:28","modified_gmt":"2020-09-10T08:57:28","slug":"section-1-la-direction-generale","status":"publish","type":"page","link":"\/?page_id=5697","title":{"rendered":"Section 1 &#8211; La direction g\u00e9n\u00e9rale"},"content":{"rendered":"[vc_row][vc_column][vc_column_text]\n<div><strong>Art. 5.<\/strong><\/div>\n<div>L\u2019Observatoire National des Maladies Nouvelles et \u00c9mergentes\u00a0est dirig\u00e9 par un directeur g\u00e9n\u00e9ral nomm\u00e9 par d\u00e9cret sur proposition du ministre de la sant\u00e9, il b\u00e9n\u00e9ficie des indemnit\u00e9s et avantages de directeur g\u00e9n\u00e9ral d\u2019administration centrale.<\/div>\n<div><strong>Art. 6.<\/strong><br \/>\nLe directeur g\u00e9n\u00e9ral assure la direction technique, administrative et financi\u00e8re de l\u2019observatoire dans le cadre des orientations de l\u2019autorit\u00e9 de tutelle et en se basant sur les avis du conseil administratif et du conseil scientifique. Il est assist\u00e9 \u00e0 cet effet par :<\/div>\n<ul>\n<li>Le directeur de la veille sanitaire,<\/li>\n<li>Le directeur de la veille environnementale, de la communication et de la formation,<\/li>\n<li>Le chef de service des moyens et des syst\u00e8mes d\u2019information,<\/li>\n<li>Le chef de service des affaires administratives et financi\u00e8res.<\/li>\n<\/ul>\n<div>Le directeur g\u00e9n\u00e9ral est charg\u00e9 notamment de :<\/div>\n<ul>\n<li>Elaborer le budget de l\u2019observatoire et de veiller \u00e0 son ex\u00e9cution,<\/li>\n<li>Pr\u00e9senter l\u2019observatoire dans les actes civils,<\/li>\n<li>Etablir les programmes de l\u2019observatoire et de planifier leur ex\u00e9cution,<\/li>\n<li>Coordonner les activit\u00e9s des services de l\u2019observatoire,<\/li>\n<li>Soumettre \u00e0 l\u2019intention de l\u2019autorit\u00e9 de tutelle un rapport annuel concernant l\u2019activit\u00e9 de l\u2019observatoire.<\/li>\n<\/ul>\n[\/vc_column_text][\/vc_column][\/vc_row]\n[vc_empty_space height=\u00a0\u00bb22px\u00a0\u00bb]\n<em>Derni\u00e8re Modification : <\/em> 10\/09\/2020 10:57:28\n[vc_empty_space height=\u00a0\u00bb22px\u00a0\u00bb]\n<p><!--nextpage--><\/p>\n<div>[vc_row][vc_column][vc_column_text]<\/div>\n<div><strong>Art. 7.<\/strong><br \/>\nL\u2019Observatoire National des Maladies Nouvelles et \u00c9mergentes\u00a0comprend les structures suivantes :<\/div>\n<ul>\n<li>La direction de la veille sanitaire,<\/li>\n<li>La direction de la veille environnementale, de la communication et de la formation,<\/li>\n<li>Le service des moyens et des syst\u00e8mes d\u2019information,<\/li>\n<li>Le service des affaires administratives et financi\u00e8res.<\/li>\n<\/ul>\n<div><strong>Art. 8.<\/strong><br \/>\nLa direction de la veille sanitaire est charg\u00e9e de :<\/div>\n<ul>\n<li style=\"list-style-type: none;\">\n<ul>\n<li>Veiller \u00e0 promouvoir la capacit\u00e9 du dispositif national de surveillance \u00e9pid\u00e9miologique dans les domaines de la d\u00e9tection pr\u00e9coce, du signalement rapide et de l\u2019investigation des maladies nouvelles et \u00e9mergentes,<\/li>\n<li>Rassembler et analyser les connaissances disponibles sur les maladies nouvelles et \u00e9mergentes en vue d\u2019identifier les menaces potentielles, d\u2019en alerter les instances concern\u00e9es et leur recommander les mesures de pr\u00e9vention indiqu\u00e9es selon l\u2019\u00e9tat des connaissances les plus r\u00e9centes,<\/li>\n<li>Veiller \u00e0 l\u2019identification rapide de la souche microbienne responsable, en cas de maladie nouvelle ou \u00e9mergente d\u2019origine infectieuse, par la mise en place d\u2019un r\u00e9seau op\u00e9rationnel de diagnostic micro-biologique des maladies infectieuses impliquant un ensemble de laboratoires sp\u00e9cialis\u00e9s rattach\u00e9s \u00e0 l\u2019observatoire pour assurer le r\u00f4le de veille micro-biologique et intervenir dans l\u2019investigation des pouss\u00e9es \u00e9pid\u00e9mique,<\/li>\n<\/ul>\n<\/li>\n<\/ul>\n[\/vc_column_text][\/vc_column][\/vc_row]\n[vc_empty_space height=\u00a0\u00bb22px\u00a0\u00bb]\n<em>Derni\u00e8re Modification :<\/em>  10\/09\/2020 10:57:28\n[vc_empty_space height=\u00a0\u00bb22px\u00a0\u00bb]\n<p><!--nextpage-->[vc_row][vc_column][vc_column_text]\n<ul>\n<li>Collecter les donn\u00e9es concernant la situation des maladies nouvelles et \u00e9mergentes \u00e0 l\u2019\u00e9chelle mondiale, notamment celles \u00e0 potentiel \u00e9pid\u00e9mique et diffuser ces informations aupr\u00e8s des instances concern\u00e9es et des \u00e9quipes de sant\u00e9 et assurer la coordination avec les organisations internationales sp\u00e9cialis\u00e9es dans ce domaine.<\/li>\n<\/ul>\n<div>La direction de la veille sanitaire comprend deux sous-directions :<\/div>\n<div>1- La sous-direction de la veille \u00e9pid\u00e9miologique avec deux services :<\/div>\n<ul>\n<li>Le service de la veille \u00e9pid\u00e9miologique des maladies communautaires,<\/li>\n<li>Le service de la veille \u00e9pid\u00e9miologique des maladies d\u2019origine environnementale.<\/li>\n<\/ul>\n<div>2- La sous-direction de la veille internationale, du diagnostic et de l\u2019investigation laborantine microbiologique de terrain avec deux services :<\/div>\n<ul>\n<li>Le service de la veille et de la coop\u00e9ration internationale,<\/li>\n<li>Le service de diagnostic et de l\u2019investigation laborantine micro-biologique.<\/li>\n<\/ul>\n<div><strong>Art. 9.<\/strong><br \/>\nLa direction de la veille environnementale, de la communication et de la formation est charg\u00e9e de :<\/div>\n<ul>\n<li style=\"list-style-type: none;\">\n<ul>\n<li>Veiller \u00e0 mettre en place des syst\u00e8mes d\u2019informations g\u00e9ographiques int\u00e9grant des donn\u00e9es environnementales et climatiques en vue d\u2019assurer le suivi des facteurs interf\u00e9rant avec la dynamique des animaux r\u00e9servoirs et des insectes vecteurs des maladies nouvelles et \u00e9mergentes,<\/li>\n<li>Collecter des donn\u00e9es et mener des \u00e9tudes concernant les habitudes et les modes de comportement sociaux \u00e9mergents,<\/li>\n<\/ul>\n<\/li>\n<\/ul>\n[\/vc_column_text][\/vc_column][\/vc_row]\n[vc_empty_space height=\u00a0\u00bb22px\u00a0\u00bb]\n<em>Derni\u00e8re Modification :<\/em>  10\/09\/2020 10:57:28\n[vc_empty_space height=\u00a0\u00bb22px\u00a0\u00bb]\n<p><!--nextpage-->[vc_row][vc_column][vc_column_text]\n<ul>\n<li>Veiller \u00e0 renforcer l\u2019\u00e9change des informations, la coop\u00e9ration et la coordination avec les autres instances responsables des secteurs dont les activit\u00e9s peuvent \u00eatre en relation avec l\u2019apparition des maladies nouvelles et \u00e9mergentes,<\/li>\n<li>Veiller \u00e0 la diffusion des informations dans le domaine des maladies nouvelles et \u00e9mergentes et la mise en place de syst\u00e8mes d\u2019information et de bases des donn\u00e9es,<\/li>\n<li>Contribuer au renforcement de la formation dans le domaine de l\u2019\u00e9pid\u00e9miologie d\u2019intervention.<\/li>\n<\/ul>\n<div>La direction de la veille environnementale, de la communication et de la formation comprend deux sousdirections :<br \/>\n1- La sous-direction de la veille environnementale avec deux services :<\/div>\n<ul>\n<li>Le service des syst\u00e8mes d\u2019informations environnementaux,<\/li>\n<li>Le service des \u00e9tudes et des recherches environnementales.<\/li>\n<\/ul>\n<div>2- La sous-direction de la communication et de la formation avec deux services :<\/div>\n<ul>\n<li>Le service de l\u2019information et de la communication,<\/li>\n<li>Le service de la formation et de la documentation.<\/li>\n<\/ul>\n[\/vc_column_text][\/vc_column][\/vc_row]\n[vc_empty_space height=\u00a0\u00bb22px\u00a0\u00bb]\n<em>Derni\u00e8re Modification :<\/em>  10\/09\/2020 10:57:28\n[vc_empty_space height=\u00a0\u00bb22px\u00a0\u00bb]\n<div>\n<p><!--nextpage-->[vc_row][vc_column][vc_column_text]\n<strong>Art. 10.<\/strong><br \/>\nLe service des moyens et des syst\u00e8mes d\u2019information est charg\u00e9 de veiller au bon fonctionnement des syst\u00e8mes de collecte des informations et des bases des donn\u00e9es informatis\u00e9es de l\u2019observatoire et \u00e0 faciliter l\u2019exploitation optimale de nouvelles technologies de communication pour assurer la connexion de l\u2019observatoire avec ses partenaires sur le plan national et sur le plan international.<\/p>\n<p><strong>Art. 11.<\/strong><br \/>\nLe service des affaires administratives et financi\u00e8res est charg\u00e9 de la gestion des affaires relatives au personnel, au mat\u00e9riel et au budget de l\u2019observatoire.<\/p>\n<p><strong>Art. 12.<\/strong><br \/>\nLes emplois fonctionnels au sein de l\u2019Observatoire National des Maladies Nouvelles et \u00c9mergentes sont attribu\u00e9s conform\u00e9ment aux dispositions du d\u00e9cret susvis\u00e9 n\u00b0 88-188 du 11 f\u00e9vrier 1988.<\/p>\n<\/div>\n[\/vc_column_text][\/vc_column][\/vc_row]\n[vc_empty_space height=\u00a0\u00bb22px\u00a0\u00bb]\n<em>Derni\u00e8re Modification :<\/em>  10\/09\/2020 10:57:28\n[vc_empty_space height=\u00a0\u00bb22px\u00a0\u00bb]\n","protected":false},"excerpt":{"rendered":"<p>[vc_row][vc_column][vc_column_text] Art. 5. L\u2019Observatoire National des Maladies Nouvelles et \u00c9mergentes\u00a0est dirig\u00e9 par un directeur g\u00e9n\u00e9ral nomm\u00e9 par d\u00e9cret sur proposition du ministre de la sant\u00e9, il b\u00e9n\u00e9ficie des indemnit\u00e9s et avantages de directeur g\u00e9n\u00e9ral d\u2019administration centrale. Art. 6. Le directeur&hellip;<\/p>\n","protected":false},"author":1,"featured_media":0,"parent":0,"menu_order":0,"comment_status":"closed","ping_status":"closed","template":"","meta":{"_bbp_topic_count":0,"_bbp_reply_count":0,"_bbp_total_topic_count":0,"_bbp_total_reply_count":0,"_bbp_voice_count":0,"_bbp_anonymous_reply_count":0,"_bbp_topic_count_hidden":0,"_bbp_reply_count_hidden":0,"_bbp_forum_subforum_count":0,"_links_to":"","_links_to_target":""},"_links":{"self":[{"href":"\/index.php?rest_route=\/wp\/v2\/pages\/5697"}],"collection":[{"href":"\/index.php?rest_route=\/wp\/v2\/pages"}],"about":[{"href":"\/index.php?rest_route=\/wp\/v2\/types\/page"}],"author":[{"embeddable":true,"href":"\/index.php?rest_route=\/wp\/v2\/users\/1"}],"replies":[{"embeddable":true,"href":"\/index.php?rest_route=%2Fwp%2Fv2%2Fcomments&post=5697"}],"version-history":[{"count":36,"href":"\/index.php?rest_route=\/wp\/v2\/pages\/5697\/revisions"}],"predecessor-version":[{"id":9054,"href":"\/index.php?rest_route=\/wp\/v2\/pages\/5697\/revisions\/9054"}],"wp:attachment":[{"href":"\/index.php?rest_route=%2Fwp%2Fv2%2Fmedia&parent=5697"}],"curies":[{"name":"wp","href":"https:\/\/api.w.org\/{rel}","templated":true}]}}