



{"id":5694,"date":"2020-07-15T15:39:38","date_gmt":"2020-07-15T13:39:38","guid":{"rendered":"http:\/\/cresus-209.ovh\/onmne.tn\/?page_id=5694"},"modified":"2020-09-07T18:45:05","modified_gmt":"2020-09-07T16:45:05","slug":"chapitre-iii-organisation-financiere","status":"publish","type":"page","link":"\/?page_id=5694","title":{"rendered":"Chapitre III : Organisation financi\u00e8re"},"content":{"rendered":"[vc_row][vc_column][vc_column_text]\r\n<p><strong>Art. 21.<\/strong><br \/>Les ressources du budget de l\u2019Observatoire National des Maladies Nouvelles et \u00c9mergentes comprennent :\r\n\r\n<\/p>\r\n<ul>\r\n<li>les dotations du budget de l\u2019Etat,<\/li>\r\n<li>les recettes provenant des services rendus par 1\u2019observatoire,<\/li>\r\n<li>les dons et les legs avec autorisation de l\u2019autorit\u00e9 de tutelle,<\/li>\r\n<li>les diff\u00e9rentes ressources et toutes autres recettes autoris\u00e9es par la loi.<\/li>\r\n<\/ul>\r\n<p>\r\n\r\n<strong>Art. 22.<\/strong><br \/>Les d\u00e9penses de l\u2019Observatoire National des Maladies Nouvelles et \u00c9mergentes comprennent :\r\n\r\n<\/p>\r\n<ul>\r\n<li>les d\u00e9penses de fonctionnement,<\/li>\r\n<li>les d\u00e9penses n\u00e9cessaires \u00e0 l\u2019ex\u00e9cution des missions de l\u2019observatoire.<\/li>\r\n<\/ul>\r\n<p>\r\n\r\n<strong>Art. 23.<\/strong><br \/>Un agent comptable est d\u00e9sign\u00e9 aupr\u00e8s de l\u2019Observatoire National des Maladies Nouvelles et \u00c9mergentes, charg\u00e9 de l\u2019ex\u00e9cution des op\u00e9rations de recettes et de d\u00e9penses de l\u2019observatoire, conform\u00e9ment aux dispositions du code de la comptabilit\u00e9 publique.<\/p>\r\n<p>\r\n\r\n<strong>Art. 24.<\/strong><br \/>Les ministres des finances et de la sant\u00e9 sont charg\u00e9s, chacun en ce qui le concerne, de l\u2019ex\u00e9cution du pr\u00e9sent d\u00e9cret qui sera publi\u00e9 au Journal Officiel de La R\u00e9publique Tunisienne. Tunis, le 19 d\u00e9cembre 2005.<\/p>\r\n[\/vc_column_text][\/vc_column][\/vc_row]\r\n[vc_empty_space height=\u00a0\u00bb22px\u00a0\u00bb]\r\n<em>Derni\u00e8re Modification <strong>:<\/strong><\/em>  07\/09\/2020 06:45:05\r\n[vc_empty_space height=\u00a0\u00bb22px\u00a0\u00bb]","protected":false},"excerpt":{"rendered":"<p>[vc_row][vc_column][vc_column_text] Art. 21.Les ressources du budget de l\u2019Observatoire National des Maladies Nouvelles et \u00c9mergentes comprennent : les dotations du budget de l\u2019Etat, les recettes provenant des services rendus par 1\u2019observatoire, les dons et les legs avec autorisation de l\u2019autorit\u00e9 de&hellip;<\/p>\n","protected":false},"author":1,"featured_media":0,"parent":0,"menu_order":0,"comment_status":"closed","ping_status":"closed","template":"","meta":{"_bbp_topic_count":0,"_bbp_reply_count":0,"_bbp_total_topic_count":0,"_bbp_total_reply_count":0,"_bbp_voice_count":0,"_bbp_anonymous_reply_count":0,"_bbp_topic_count_hidden":0,"_bbp_reply_count_hidden":0,"_bbp_forum_subforum_count":0,"_links_to":"","_links_to_target":""},"_links":{"self":[{"href":"\/index.php?rest_route=\/wp\/v2\/pages\/5694"}],"collection":[{"href":"\/index.php?rest_route=\/wp\/v2\/pages"}],"about":[{"href":"\/index.php?rest_route=\/wp\/v2\/types\/page"}],"author":[{"embeddable":true,"href":"\/index.php?rest_route=\/wp\/v2\/users\/1"}],"replies":[{"embeddable":true,"href":"\/index.php?rest_route=%2Fwp%2Fv2%2Fcomments&post=5694"}],"version-history":[{"count":9,"href":"\/index.php?rest_route=\/wp\/v2\/pages\/5694\/revisions"}],"predecessor-version":[{"id":8882,"href":"\/index.php?rest_route=\/wp\/v2\/pages\/5694\/revisions\/8882"}],"wp:attachment":[{"href":"\/index.php?rest_route=%2Fwp%2Fv2%2Fmedia&parent=5694"}],"curies":[{"name":"wp","href":"https:\/\/api.w.org\/{rel}","templated":true}]}}