



{"id":5690,"date":"2020-08-12T10:00:27","date_gmt":"2020-08-12T08:00:27","guid":{"rendered":"http:\/\/cresus-209.ovh\/onmne.tn\/?page_id=5690"},"modified":"2022-02-04T14:35:34","modified_gmt":"2022-02-04T13:35:34","slug":"chapitre-i-organisation-administrative","status":"publish","type":"page","link":"\/?page_id=5690","title":{"rendered":"Chapitre II : Organisation administrative"},"content":{"rendered":"[vc_row][vc_column][vc_column_text]\r\n<p><strong>Art. 4.<\/strong><br \/>L\u2019administration de l\u2019Observatoire National des Maladies Nouvelles et \u00c9mergentes comprend\u00a0\r\n\r\n<\/p>\r\n<ul>\r\n<li>La direction g\u00e9n\u00e9rale,<\/li>\r\n<li>Le conseil administratif,<\/li>\r\n<li>Le conseil scientifique.<\/li>\r\n<\/ul>\r\n<p><a href=\"https:\/\/www.onmne.tn\/?page_id=5697\">Section 1 : La direction g\u00e9n\u00e9rale<\/a><\/p>\r\n<p><a href=\"https:\/\/www.onmne.tn\/?page_id=5702\">Section 2 : Le conseil administratif<\/a><\/p>\r\n<p><a href=\"https:\/\/www.onmne.tn\/?page_id=5705\">Section 3 : Le conseil scientifique<\/a><\/p>\r\n[\/vc_column_text][\/vc_column][\/vc_row]\r\n[vc_empty_space height=\u00a0\u00bb22px\u00a0\u00bb]\r\n<em>Derni\u00e8re Modification :<\/em>  04\/02\/2022 02:35:34\r\n[vc_empty_space height=\u00a0\u00bb22px\u00a0\u00bb]","protected":false},"excerpt":{"rendered":"<p>[vc_row][vc_column][vc_column_text] Art. 4.L\u2019administration de l\u2019Observatoire National des Maladies Nouvelles et \u00c9mergentes comprend\u00a0 La direction g\u00e9n\u00e9rale, Le conseil administratif, Le conseil scientifique. Section 1 : La direction g\u00e9n\u00e9rale Section 2 : Le conseil administratif Section 3 : Le conseil scientifique [\/vc_column_text][\/vc_column][\/vc_row]&hellip;<\/p>\n","protected":false},"author":1,"featured_media":0,"parent":0,"menu_order":0,"comment_status":"closed","ping_status":"closed","template":"","meta":{"_bbp_topic_count":0,"_bbp_reply_count":0,"_bbp_total_topic_count":0,"_bbp_total_reply_count":0,"_bbp_voice_count":0,"_bbp_anonymous_reply_count":0,"_bbp_topic_count_hidden":0,"_bbp_reply_count_hidden":0,"_bbp_forum_subforum_count":0,"_links_to":"","_links_to_target":""},"_links":{"self":[{"href":"\/index.php?rest_route=\/wp\/v2\/pages\/5690"}],"collection":[{"href":"\/index.php?rest_route=\/wp\/v2\/pages"}],"about":[{"href":"\/index.php?rest_route=\/wp\/v2\/types\/page"}],"author":[{"embeddable":true,"href":"\/index.php?rest_route=\/wp\/v2\/users\/1"}],"replies":[{"embeddable":true,"href":"\/index.php?rest_route=%2Fwp%2Fv2%2Fcomments&post=5690"}],"version-history":[{"count":17,"href":"\/index.php?rest_route=\/wp\/v2\/pages\/5690\/revisions"}],"predecessor-version":[{"id":16190,"href":"\/index.php?rest_route=\/wp\/v2\/pages\/5690\/revisions\/16190"}],"wp:attachment":[{"href":"\/index.php?rest_route=%2Fwp%2Fv2%2Fmedia&parent=5690"}],"curies":[{"name":"wp","href":"https:\/\/api.w.org\/{rel}","templated":true}]}}