



{"id":5593,"date":"2020-07-14T15:42:48","date_gmt":"2020-07-14T13:42:48","guid":{"rendered":"http:\/\/cresus-209.ovh\/onmne.tn\/?page_id=5593"},"modified":"2020-10-13T11:41:11","modified_gmt":"2020-10-13T09:41:11","slug":"contact","status":"publish","type":"page","link":"\/?page_id=5593","title":{"rendered":"Contact"},"content":{"rendered":"[vc_row][vc_column][vc_column_text][\/vc_column_text][\/vc_column][\/vc_row][vc_row column_spacing=\u00a0\u00bb40&Prime; bg_style=\u00a0\u00bbstretch\u00a0\u00bb css=\u00a0\u00bb.vc_custom_1489785664495{padding-top: 15px !important;padding-bottom: 15px !important;}\u00a0\u00bb][vc_column width=\u00a0\u00bb3\/4&Prime;]<div role=\"form\" class=\"wpcf7\" id=\"wpcf7-f7450-o1\" lang=\"fr-FR\" dir=\"ltr\">\n<div class=\"screen-reader-response\" role=\"alert\" aria-live=\"polite\"><\/div>\n<form action=\"\/index.php?rest_route=%2Fwp%2Fv2%2Fpages%2F5593#wpcf7-f7450-o1\" method=\"post\" class=\"wpcf7-form init\" novalidate=\"novalidate\">\n<div style=\"display: none;\">\n<input type=\"hidden\" name=\"_wpcf7\" value=\"7450\" \/>\n<input type=\"hidden\" name=\"_wpcf7_version\" value=\"5.2.2\" \/>\n<input type=\"hidden\" name=\"_wpcf7_locale\" value=\"fr_FR\" \/>\n<input type=\"hidden\" name=\"_wpcf7_unit_tag\" value=\"wpcf7-f7450-o1\" \/>\n<input type=\"hidden\" name=\"_wpcf7_container_post\" value=\"0\" \/>\n<input type=\"hidden\" name=\"_wpcf7_posted_data_hash\" value=\"\" \/>\n<\/div>\n<p class=\"one-half first\"><label>  Votre Nom<br \/>\n<span class=\"wpcf7-form-control-wrap your-name\"><input type=\"text\" name=\"your-name\" value=\"\" size=\"40\" class=\"wpcf7-form-control wpcf7-text wpcf7-validates-as-required\" aria-required=\"true\" aria-invalid=\"false\" \/><\/span> <\/label><\/p>\n<p class=\"one-half\"><label> Votre E-mail<br \/>\n<span class=\"wpcf7-form-control-wrap your-email\"><input type=\"email\" name=\"your-email\" value=\"\" size=\"40\" class=\"wpcf7-form-control wpcf7-text wpcf7-email wpcf7-validates-as-required wpcf7-validates-as-email\" aria-required=\"true\" aria-invalid=\"false\" \/><\/span> <\/label><\/p>\n<p><label> Subject<br \/>\n<span class=\"wpcf7-form-control-wrap your-subject\"><input type=\"text\" name=\"your-subject\" value=\"\" size=\"40\" class=\"wpcf7-form-control wpcf7-text\" aria-invalid=\"false\" \/><\/span> <\/label><br \/>\n<label> Message<br \/>\n<span class=\"wpcf7-form-control-wrap your-message\"><textarea name=\"your-message\" cols=\"40\" rows=\"10\" class=\"wpcf7-form-control wpcf7-textarea\" aria-invalid=\"false\"><\/textarea><\/span> <\/label><\/p>\n<div class=\"anr_captcha_field\"><div id=\"anr_captcha_field_1\" class=\"anr_captcha_field_div\"><\/div><\/div><span class=\"wpcf7-form-control-wrap g-recaptcha-response\"><\/span><\/p>\n<p><input type=\"submit\" value=\"Envoyer\" class=\"wpcf7-form-control wpcf7-submit\" \/><\/p>\n<div class=\"wpcf7-response-output\" role=\"alert\" aria-hidden=\"true\"><\/div><\/form><\/div>[\/vc_column][vc_column width=\u00a0\u00bb1\/4&Prime;][vc_column_text]<strong>Addresse<\/strong><\/p>\n<p style=\"text-align: justify;\">5-7, Rue Khartoum, Complexe Diplomat, bloc 4, 13\u00e8me \u00e9tage, Le Belv\u00e9d\u00e8re, 1002, Tunis\/Tunisie<\/p>\n<p><b>T\u00e9l\u00e9phone\u00a0<\/b><\/p>\n<p>+216 71 284 542<br \/>\n+216 71 284 547<br \/>\n+216 71 284 560<br \/>\n+216 71 284 561<\/p>\n<p><strong>Email<\/strong><\/p>\n<p>onmne@rns.tn[\/vc_column_text][\/vc_column][\/vc_row][vc_row full_width=\u00a0\u00bbstretch_row_content_no_spaces\u00a0\u00bb][vc_gmaps link=\u00a0\u00bb#E-8_aHR0cHMlM0ElMkYlMkZ3d3cuZ29vZ2xlLmNvbSUyRm1hcHMlMkZlbWJlZCUzRnBiJTNEJTIxMW0xOCUyMTFtMTIlMjExbTMlMjExZDEyNzc1LjQzOTE4NTM0MzEzNyUyMTJkMTAuMTc2MTAwMTU3ODg5NDglMjEzZDM2LjgyMTg3OTQ2MDY1ODQ5JTIxMm0zJTIxMWYwJTIxMmYwJTIxM2YwJTIxM20yJTIxMWkxMDI0JTIxMmk3NjglMjE0ZjEzLjElMjEzbTMlMjExbTIlMjExczB4MTJmZDM0N2MyNzRkYmQ4YiUyNTNBMHhhMzViN2Y5ZjQ0MzcyN2Q0JTIxMnNDRU5UUkUlMjUyMEJFTFZFREVSRSUyMTVlMCUyMTNtMiUyMTFzZnIlMjEyc3RuJTIxNHYxNTk0OTA2MDEzODQxJTIxNW0yJTIxMXNmciUyMTJzdG4=\u00a0\u00bb size=\u00a0\u00bb400&Prime; type=\u00a0\u00bbm\u00a0\u00bb zoom=\u00a0\u00bb14&Prime;][\/vc_row]\n","protected":false},"excerpt":{"rendered":"<p>[vc_row][vc_column][vc_column_text][\/vc_column_text][\/vc_column][\/vc_row][vc_row column_spacing=\u00a0\u00bb40&Prime; bg_style=\u00a0\u00bbstretch\u00a0\u00bb css=\u00a0\u00bb.vc_custom_1489785664495{padding-top: 15px !important;padding-bottom: 15px !important;}\u00a0\u00bb][vc_column width=\u00a0\u00bb3\/4&Prime;][\/vc_column][vc_column width=\u00a0\u00bb1\/4&Prime;][vc_column_text]Addresse 5-7, Rue Khartoum, Complexe Diplomat, bloc 4, 13\u00e8me \u00e9tage, Le Belv\u00e9d\u00e8re, 1002, Tunis\/Tunisie T\u00e9l\u00e9phone\u00a0 +216 71 284 542 +216 71 284 547 +216 71 284 560 +216 71 284 561&hellip;<\/p>\n","protected":false},"author":1,"featured_media":0,"parent":0,"menu_order":0,"comment_status":"closed","ping_status":"closed","template":"","meta":{"_bbp_topic_count":0,"_bbp_reply_count":0,"_bbp_total_topic_count":0,"_bbp_total_reply_count":0,"_bbp_voice_count":0,"_bbp_anonymous_reply_count":0,"_bbp_topic_count_hidden":0,"_bbp_reply_count_hidden":0,"_bbp_forum_subforum_count":0,"_links_to":"","_links_to_target":""},"_links":{"self":[{"href":"\/index.php?rest_route=\/wp\/v2\/pages\/5593"}],"collection":[{"href":"\/index.php?rest_route=\/wp\/v2\/pages"}],"about":[{"href":"\/index.php?rest_route=\/wp\/v2\/types\/page"}],"author":[{"embeddable":true,"href":"\/index.php?rest_route=\/wp\/v2\/users\/1"}],"replies":[{"embeddable":true,"href":"\/index.php?rest_route=%2Fwp%2Fv2%2Fcomments&post=5593"}],"version-history":[{"count":26,"href":"\/index.php?rest_route=\/wp\/v2\/pages\/5593\/revisions"}],"predecessor-version":[{"id":9686,"href":"\/index.php?rest_route=\/wp\/v2\/pages\/5593\/revisions\/9686"}],"wp:attachment":[{"href":"\/index.php?rest_route=%2Fwp%2Fv2%2Fmedia&parent=5593"}],"curies":[{"name":"wp","href":"https:\/\/api.w.org\/{rel}","templated":true}]}}