



{"id":5583,"date":"2020-07-14T15:21:35","date_gmt":"2020-07-14T13:21:35","guid":{"rendered":"http:\/\/cresus-209.ovh\/onmne.tn\/?page_id=5583"},"modified":"2020-09-07T15:06:19","modified_gmt":"2020-09-07T13:06:19","slug":"missions","status":"publish","type":"page","link":"\/?page_id=5583","title":{"rendered":"Missions"},"content":{"rendered":"[vc_row][vc_column]<div class=\"vcex-image vcex-module vcex-clr\"><span class=\"vcex-image-inner\"><img src=\"\/wp-content\/uploads\/2020\/07\/slider2-1.png\" alt='' data-no-retina width=\"1255\" height=\"281\" \/><\/span><\/div>[vc_empty_space height=\u00a0\u00bb20px\u00a0\u00bb][\/vc_column][\/vc_row]\n[vc_row bg_style=\u00a0\u00bbstretch\u00a0\u00bb border_style=\u00a0\u00bbsolid\u00a0\u00bb margin_bottom=\u00a0\u00bb20px\u00a0\u00bb]\n[vc_column]\n[vc_tour]\n[vc_tab title=\u00a0\u00bbMissions\u00a0\u00bb tab_id=\u00a0\u00bb1385884009-1-77&Prime;][vc_column_text]\n<div><strong>L\u2019Observatoire National des Maladies Nouvelles et \u00c9mergentes<\/strong>\u00a0est charg\u00e9, dans le cadre de ses attributions, notamment de :<\/div>\n<ul>\n<li>Collecter et analyser les donn\u00e9es relatives aux maladies nouvelles et \u00e9mergentes en vue d\u2019am\u00e9liorer le processus de prise de d\u00e9cision dans le domaine de la pr\u00e9vention de ces maladies,<\/li>\n<li>Mettre en place des syst\u00e8mes d\u2019information sp\u00e9cifiques permettant de renforcer la capacit\u00e9 de d\u00e9tection pr\u00e9coce, du signalement rapide et de l\u2019investigation des maladies nouvelles et \u00e9mergentes,<\/li>\n<li>Assurer le suivi de la situation \u00e9pid\u00e9miologique internationale concernant les maladies \u00e0 propagation rapide en vue d\u2019\u00e9viter ou limiter le risque de leur introduction transfrontali\u00e8re,<\/li>\n<li>Mener des travaux de recherche et des \u00e9tudes dans le domaine des maladies nouvelles et \u00e9mergentes et \u00e9diter un p\u00e9riodique scientifique \u00e0 ce sujet,<\/li>\n<li>Organiser des sessions de formation en faveur des \u00e9quipes de sant\u00e9 en vue d\u2019am\u00e9liorer leurs comp\u00e9tences dans le domaine de l\u2019\u00e9pid\u00e9miologie d\u2019intervention et de la pr\u00e9vention des maladies nouvelles et \u00e9mergentes.<\/li>\n<\/ul>\n<div>L\u2019Observatoire National des Maladies Nouvelles et \u00c9mergentes a pour mission de renforcer la capacit\u00e9 du dispositif national de surveillance \u00e9pid\u00e9miologique dans le domaine de la surveillance des maladies nouvelles et \u00e9mergentes et d\u2019identifier les mesures les plus efficaces pour limiter les risques li\u00e9s \u00e0 ces maladies.<\/div>\n[\/vc_column_text][\/vc_tab]\n[vc_tab title=\u00a0\u00bbMission de veille sanitaire\u00a0\u00bb tab_id=\u00a0\u00bb1385884009-2-82&Prime;][vc_column_text]\n<ul>\n<li>Promouvoir la capacit\u00e9 du dispositif national de surveillance \u00e9pid\u00e9miologique dans les domaines de la d\u00e9tection pr\u00e9coce, du signalement rapide et de l\u2019investigation des maladies nouvelles et \u00e9mergentes,<\/li>\n<li>Rassembler et analyser les connaissances disponibles sur les maladies nouvelles et \u00e9mergentes en vue d\u2019identifier les menaces potentielles, d\u2019en alerter les instances concern\u00e9es et leur recommander les mesures de pr\u00e9vention indiqu\u00e9es selon l\u2019\u00e9tat des connaissances les plus r\u00e9centes,<\/li>\n<li>Veiller \u00e0 l\u2019identification rapide de la souche microbienne responsable, en cas de maladie nouvelle ou \u00e9mergente d\u2019origine infectieuse, par la mise en place d\u2019un r\u00e9seau op\u00e9rationnel de diagnostic micro-biologique des maladies infectieuses impliquant un ensemble de laboratoires sp\u00e9cialis\u00e9s rattach\u00e9s \u00e0 l\u2019observatoire pour assurer le r\u00f4le de veille micro-biologique et intervenir dans l\u2019investigation des pouss\u00e9es \u00e9pid\u00e9mique,<\/li>\n<li>Collecter les donn\u00e9es concernant la situation des maladies nouvelles et \u00e9mergentes \u00e0 l\u2019\u00e9chelle mondiale, notamment celles \u00e0 potentiel \u00e9pid\u00e9mique et diffuser ces informations aupr\u00e8s des instances concern\u00e9es et des \u00e9quipes de sant\u00e9 et assurer la coordination avec les organisations internationales sp\u00e9cialis\u00e9es dans ce domaine.<\/li>\n<\/ul>\n[\/vc_column_text][\/vc_tab]\n[vc_tab title=\u00a0\u00bbMission de Veille Environnementale\u00a0\u00bb tab_id=\u00a0\u00bb1385884041437-2-3&Prime;][vc_column_text]\n<ul>\n<li>Mettre en place des syst\u00e8mes d\u2019informations g\u00e9ographiques int\u00e9grant des donn\u00e9es environnementales et climatiques en vue d\u2019assurer le suivi des facteurs interf\u00e9rant avec la dynamique des animaux r\u00e9servoirs et des insectes vecteurs des maladies nouvelles et \u00e9mergentes,<\/li>\n<li>Collecter des donn\u00e9es et mener des \u00e9tudes concernant les habitudes et les modes de comportement sociaux \u00e9mergents pouvant \u00eatre en rapport avec l\u2019\u00e9mergence et la circulation de maladies infectieuses,<\/li>\n<li>Veiller \u00e0 renforcer l\u2019\u00e9change des informations, la coop\u00e9ration et la coordination avec les autres instances responsables des secteurs dont les activit\u00e9s peuvent \u00eatre en relation avec l\u2019apparition des maladies nouvelles et \u00e9mergentes,<\/li>\n<li>Veiller \u00e0 la diffusion des informations dans le domaine des maladies nouvelles et \u00e9mergentes et la mise en place de syst\u00e8mes d\u2019information et de bases des donn\u00e9es,<\/li>\n<li>Contribuer au renforcement de la formation dans le domaine de l\u2019\u00e9pid\u00e9miologie d\u2019intervention.<\/li>\n<\/ul>\n[\/vc_column_text][\/vc_tab]\n[vc_tab title=\u00a0\u00bbAutres dossiers importants\u00a0\u00bb tab_id=\u00a0\u00bb1385884042983-3-8&Prime;][vc_column_text]\n<div>\n<p><strong>Climatologie :\u00a0<\/strong><br \/>\nSuivre le changement climatique (suivi m\u00e9t\u00e9orologique, la surveillance de l\u2019\u00e9cosyst\u00e8me et l\u2019\u00e9tude de la part de la variable climat dans l\u2019apparition et\/ou la propagation des ph\u00e9nom\u00e8nes morbides) et ses effets sur la sant\u00e9 afin d\u2019\u00eatre en mesure de mettre en place des strat\u00e9gies d\u2019adaptation \u00e0 ce risque \u00e9mergent, par la mise en place d\u2019un syst\u00e8me de Veille climatologique.<strong>Applications g\u00e9ographiques :<\/strong><br \/>\nMettre en place des syst\u00e8mes d\u2019informations g\u00e9ographiques (SIG) int\u00e9grant des donn\u00e9es sanitaires, environnementales et climatiques.<\/p>\n<p><strong>Sant\u00e9 Animale, Zoologie et Ornithologie :<\/strong><br \/>\nLes principales maladies nouvelles ou \u00e9mergentes sont des zoonoses, la surveillance des maladies animales est primordiale. Deux morbidit\u00e9s o\u00f9 les oiseaux jouent un r\u00f4le de r\u00e9servoir de germe sont d\u2019actualit\u00e9 en Tunisie : La grippe aviaire et son risque pand\u00e9mique et le West Nile qui a d\u00e9j\u00e0 g\u00e9n\u00e9r\u00e9 deux vagues \u00e9pid\u00e9miques \u00e0 5 ans d\u2019intervalle. La connaissance des animaux r\u00e9servoirs est \u00e9galement tr\u00e8s importante.<\/p>\n<p><strong>Entomologie :<\/strong><\/p>\n<\/div>\n<ul>\n<li>Les Maladies \u00e0 transmission vectorielle posent plusieurs probl\u00e8mes en Tunisie : Le risque de la r\u00e9\u00e9mergence du paludisme, les \u00e9pid\u00e9mies de la leishmaniose cutan\u00e9e, les \u00e9pid\u00e9mies du west Nile et la dengue &#8211; chikungunya qui peut s&rsquo;installer en Tunisie.<\/li>\n<li>Il est donc de d\u00e9velopper une expertise et la connaissance des insectes vecteurs de maladies nouvelles et \u00e9mergentes.<\/li>\n<\/ul>\n[\/vc_column_text][\/vc_tab]\n[vc_tab title=\u00a0\u00bbMission de formation-communication\u00a0\u00bb tab_id=\u00a0\u00bb1594896737756-4-3&Prime;][vc_column_text]\n<ul>\n<li>Contribuer au renforcement de la formation dans le domaine de l\u2019\u00e9pid\u00e9miologie d\u2019intervention;<\/li>\n<li>Contribuer \u00e0 la diffusion d\u2019informations valides et pertinentes dans le domaine des maladies nouvelles et \u00e9mergentes;<\/li>\n<li>D\u00e9velopper un partenariat proactif avec les m\u00e9dias et les sp\u00e9cialistes de communication.<\/li>\n<\/ul>\n[\/vc_column_text][\/vc_tab]\n[\/vc_tour][\/vc_column][\/vc_row]\n[vc_empty_space height=\u00a0\u00bb22px\u00a0\u00bb]\n<em>Derni\u00e8re Modification : <\/em> 15\/07\/2020 09:50:18\n[vc_empty_space height=\u00a0\u00bb22px\u00a0\u00bb]\n","protected":false},"excerpt":{"rendered":"<p>[vc_row][vc_column][vc_empty_space height=\u00a0\u00bb20px\u00a0\u00bb][\/vc_column][\/vc_row] [vc_row bg_style=\u00a0\u00bbstretch\u00a0\u00bb border_style=\u00a0\u00bbsolid\u00a0\u00bb margin_bottom=\u00a0\u00bb20px\u00a0\u00bb] [vc_column] [vc_tour] [vc_tab title=\u00a0\u00bbMissions\u00a0\u00bb tab_id=\u00a0\u00bb1385884009-1-77&Prime;][vc_column_text] L\u2019Observatoire National des Maladies Nouvelles et \u00c9mergentes\u00a0est charg\u00e9, dans le cadre de ses attributions, notamment de : Collecter et analyser les donn\u00e9es relatives aux maladies nouvelles et \u00e9mergentes en&hellip;<\/p>\n","protected":false},"author":1,"featured_media":0,"parent":0,"menu_order":0,"comment_status":"closed","ping_status":"closed","template":"","meta":{"_bbp_topic_count":0,"_bbp_reply_count":0,"_bbp_total_topic_count":0,"_bbp_total_reply_count":0,"_bbp_voice_count":0,"_bbp_anonymous_reply_count":0,"_bbp_topic_count_hidden":0,"_bbp_reply_count_hidden":0,"_bbp_forum_subforum_count":0,"_links_to":"","_links_to_target":""},"_links":{"self":[{"href":"\/index.php?rest_route=\/wp\/v2\/pages\/5583"}],"collection":[{"href":"\/index.php?rest_route=\/wp\/v2\/pages"}],"about":[{"href":"\/index.php?rest_route=\/wp\/v2\/types\/page"}],"author":[{"embeddable":true,"href":"\/index.php?rest_route=\/wp\/v2\/users\/1"}],"replies":[{"embeddable":true,"href":"\/index.php?rest_route=%2Fwp%2Fv2%2Fcomments&post=5583"}],"version-history":[{"count":14,"href":"\/index.php?rest_route=\/wp\/v2\/pages\/5583\/revisions"}],"predecessor-version":[{"id":8786,"href":"\/index.php?rest_route=\/wp\/v2\/pages\/5583\/revisions\/8786"}],"wp:attachment":[{"href":"\/index.php?rest_route=%2Fwp%2Fv2%2Fmedia&parent=5583"}],"curies":[{"name":"wp","href":"https:\/\/api.w.org\/{rel}","templated":true}]}}