



{"id":5567,"date":"2020-08-04T10:50:07","date_gmt":"2020-08-04T08:50:07","guid":{"rendered":"http:\/\/cresus-209.ovh\/onmne.tn\/?page_id=5567"},"modified":"2021-11-16T10:27:45","modified_gmt":"2021-11-16T09:27:45","slug":"dossiers","status":"publish","type":"page","link":"\/?page_id=5567","title":{"rendered":"Dossiers Th\u00e9matiques"},"content":{"rendered":"[vc_row][vc_column]<div class=\"vcex-image vcex-module vcex-clr\"><span class=\"vcex-image-inner\"><img src=\"\/wp-content\/uploads\/2020\/07\/slider2-1.png\" alt='' data-no-retina width=\"1255\" height=\"281\" \/><\/span><\/div>[vc_empty_space][\/vc_column][\/vc_row][vc_row][vc_column][vc_column_text]\n[\/vc_column_text][\/vc_column][\/vc_row][vc_row][vc_column][vc_column_text]\n<ul>\n<li><a href=\"https:\/\/www.onmne.tn\/wp-content\/uploads\/2020\/09\/Fiche_veille_entomologique_DHMPE.pdf\" target=\"_blank\" rel=\"noopener noreferrer\">Dispositif de veille entomologique sp\u00e9cifique pour les vecteurs non autochtones de certains arboviroses(chikungunya,Dengue&#8230;) \u00e9tabli par la DHMPE<\/a><\/li>\n<li><a href=\"https:\/\/www.onmne.tn\/wp-content\/uploads\/2020\/09\/cat_devant_un_cas_suspect_de_dengue_chichungynia.pdf\" target=\"_blank\" rel=\"noopener noreferrer\">Conduite \u00e0 tenir devant un cas suspect de Chikungunya<\/a><\/li>\n<li><a href=\"https:\/\/www.onmne.tn\/wp-content\/uploads\/2020\/09\/surveillance_du_risque_dengue_chikungunya_2011.pdf\" target=\"_blank\" rel=\"noopener noreferrer\">Guide de surveillance du risque d&rsquo;\u00e9mergence des virus de la Chikungunya en Tunisie<\/a><\/li>\n<li><a href=\"https:\/\/www.onmne.tn\/wp-content\/uploads\/2020\/09\/fiches_surveillance_dengue_chikungunnya.pdf\" target=\"_blank\" rel=\"noopener noreferrer\">Fiche d\u00e9claration d&rsquo;un cas suspect de Chikungunya<\/a><\/li>\n<\/ul>\n[\/vc_column_text][vc_empty_space][\/vc_column][\/vc_row][vc_row][vc_column][vc_column_text]\n[\/vc_column_text][\/vc_column][\/vc_row]\n","protected":false},"excerpt":{"rendered":"<p>[vc_row][vc_column][vc_empty_space][\/vc_column][\/vc_row][vc_row][vc_column][vc_column_text] [\/vc_column_text][\/vc_column][\/vc_row][vc_row][vc_column][vc_column_text] Dispositif de veille entomologique sp\u00e9cifique pour les vecteurs non autochtones de certains arboviroses(chikungunya,Dengue&#8230;) \u00e9tabli par la DHMPE Conduite \u00e0 tenir devant un cas suspect de Chikungunya Guide de surveillance du risque d&rsquo;\u00e9mergence des virus de la Chikungunya en&hellip;<\/p>\n","protected":false},"author":1,"featured_media":0,"parent":0,"menu_order":0,"comment_status":"closed","ping_status":"closed","template":"","meta":{"_bbp_topic_count":0,"_bbp_reply_count":0,"_bbp_total_topic_count":0,"_bbp_total_reply_count":0,"_bbp_voice_count":0,"_bbp_anonymous_reply_count":0,"_bbp_topic_count_hidden":0,"_bbp_reply_count_hidden":0,"_bbp_forum_subforum_count":0,"_links_to":"","_links_to_target":""},"_links":{"self":[{"href":"\/index.php?rest_route=\/wp\/v2\/pages\/5567"}],"collection":[{"href":"\/index.php?rest_route=\/wp\/v2\/pages"}],"about":[{"href":"\/index.php?rest_route=\/wp\/v2\/types\/page"}],"author":[{"embeddable":true,"href":"\/index.php?rest_route=\/wp\/v2\/users\/1"}],"replies":[{"embeddable":true,"href":"\/index.php?rest_route=%2Fwp%2Fv2%2Fcomments&post=5567"}],"version-history":[{"count":20,"href":"\/index.php?rest_route=\/wp\/v2\/pages\/5567\/revisions"}],"predecessor-version":[{"id":15394,"href":"\/index.php?rest_route=\/wp\/v2\/pages\/5567\/revisions\/15394"}],"wp:attachment":[{"href":"\/index.php?rest_route=%2Fwp%2Fv2%2Fmedia&parent=5567"}],"curies":[{"name":"wp","href":"https:\/\/api.w.org\/{rel}","templated":true}]}}