



{"id":5563,"date":"2020-07-14T14:51:57","date_gmt":"2020-07-14T12:51:57","guid":{"rendered":"http:\/\/cresus-209.ovh\/onmne.tn\/?page_id=5563"},"modified":"2022-02-04T14:28:50","modified_gmt":"2022-02-04T13:28:50","slug":"presentation","status":"publish","type":"page","link":"\/?page_id=5563","title":{"rendered":"Pr\u00e9sentation"},"content":{"rendered":"[vc_row][vc_column]<div class=\"vcex-image vcex-module vcex-clr\"><span class=\"vcex-image-inner\"><img src=\"\/wp-content\/uploads\/2020\/07\/slider2-1.png\" alt='' data-no-retina width=\"1255\" height=\"281\" \/><\/span><\/div>[vc_empty_space height=\u00a0\u00bb22px\u00a0\u00bb][\/vc_column][\/vc_row][vc_row][vc_column][vc_column_text]\n<p>D\u00e9cret n\u00b0 2005-3294 du 19 d\u00e9cembre 2005, portant cr\u00e9ation de l\u2019Observatoire National des Maladies Nouvelles et \u00c9mergentes et fixant son organisation administrative et financi\u00e8re ainsi que les modalit\u00e9s de son fonctionnement.<\/p>\n\n<p> <strong>Le Pr\u00e9sident de la R\u00e9publique, sur proposition du ministre de la sant\u00e9,<\/strong><\/p>\n<p>Vu la loi n\u00b0 73-81 du 31 d\u00e9cembre 1973, portant promulgation du code de la comptabilit\u00e9 publique, ensemble les textes qui l\u2019ont modifi\u00e9e ou compl\u00e9t\u00e9e et notamment la loi n\u00b0 2004-90 du 31 d\u00e9cembre 2004, portant loi de finances pour l\u2019ann\u00e9e 2005,<br \/>Vu la loi n\u00b0 83-112 du 12 d\u00e9cembre 1983, g\u00e9n\u00e9ral des personnels de l\u2019Etat, des collectivit\u00e9s \u00e9tablissements publics \u00e0 caract\u00e8re administratif, textes qui l\u2019ont modifi\u00e9e ou compl\u00e9t\u00e9e et la loi n\u00b0 2003-20 du 17 mars 2003,<br \/>Vu la loi n\u00b0 84-27 du 11 mai 1984, relative aux maladies animales r\u00e9put\u00e9es contagieuses,<br \/>Vu la loi n\u00b0 92-71 du 27 juillet 1992, relative aux maladies transmissibles,<br \/>Vu la loi n\u00b0 99-100 du 13 d\u00e9cembre 1999, relative aux observatoires et centres d\u2019informations, de formation, de documentation et d\u2019\u00e9tudes, telle que modifi\u00e9e par la loi n\u00b0 2001-64 du 25 juin 2001,<br \/>Vu le d\u00e9cret n\u00b0 74-1064 du 28 novembre 1974, relatif \u00e0 la d\u00e9finition de la mission et des attributions du minist\u00e8re de la sant\u00e9,<br \/>Vu le d\u00e9cret n\u00b0 88-188 du 11 f\u00e9vrier 1988, r\u00e9glementant les conditions d\u2019attribution et de retrait des emplois fonctionnels d\u2019administration centrale, ensemble les textes qui l\u2019ont modifi\u00e9 ou compl\u00e9t\u00e9 et notamment le d\u00e9cret n\u00b0 2003-2386 du 17 novembre 2003,<br \/>Vu l\u2019avis du ministre des finances,<br \/>Vu l\u2019avis du tribunal administratif.<\/p>\n\n\n<p><a href=\"https:\/\/www.onmne.tn\/?page_id=5685\">Chapitre I : Dispositions g\u00e9n\u00e9rales<\/a><\/p>\n<p><a href=\"https:\/\/www.onmne.tn\/?page_id=5690\">Chapitre II : Organisation administrative<\/a><\/p>\n<p><a href=\"https:\/\/www.onmne.tn\/?page_id=5694\">Chapitre III : Organisation financi\u00e8re<\/a><\/p>\n[\/vc_column_text][\/vc_column][\/vc_row][vc_empty_space height=\u00a0\u00bb22px\u00a0\u00bb][vc_row][vc_column][vc_column_text] <em>Derni\u00e8re Modification:<\/em>  15\/07\/2020 09:50:18[\/vc_column_text][\/vc_column][\/vc_row][vc_empty_space height=\u00a0\u00bb22px\u00a0\u00bb]\n","protected":false},"excerpt":{"rendered":"<p>[vc_row][vc_column][vc_empty_space height=\u00a0\u00bb22px\u00a0\u00bb][\/vc_column][\/vc_row][vc_row][vc_column][vc_column_text] D\u00e9cret n\u00b0 2005-3294 du 19 d\u00e9cembre 2005, portant cr\u00e9ation de l\u2019Observatoire National des Maladies Nouvelles et \u00c9mergentes et fixant son organisation administrative et financi\u00e8re ainsi que les modalit\u00e9s de son fonctionnement. Le Pr\u00e9sident de la R\u00e9publique, sur proposition&hellip;<\/p>\n","protected":false},"author":1,"featured_media":0,"parent":0,"menu_order":0,"comment_status":"closed","ping_status":"closed","template":"","meta":{"_bbp_topic_count":0,"_bbp_reply_count":0,"_bbp_total_topic_count":0,"_bbp_total_reply_count":0,"_bbp_voice_count":0,"_bbp_anonymous_reply_count":0,"_bbp_topic_count_hidden":0,"_bbp_reply_count_hidden":0,"_bbp_forum_subforum_count":0,"_links_to":"","_links_to_target":""},"_links":{"self":[{"href":"\/index.php?rest_route=\/wp\/v2\/pages\/5563"}],"collection":[{"href":"\/index.php?rest_route=\/wp\/v2\/pages"}],"about":[{"href":"\/index.php?rest_route=\/wp\/v2\/types\/page"}],"author":[{"embeddable":true,"href":"\/index.php?rest_route=\/wp\/v2\/users\/1"}],"replies":[{"embeddable":true,"href":"\/index.php?rest_route=%2Fwp%2Fv2%2Fcomments&post=5563"}],"version-history":[{"count":39,"href":"\/index.php?rest_route=\/wp\/v2\/pages\/5563\/revisions"}],"predecessor-version":[{"id":16185,"href":"\/index.php?rest_route=\/wp\/v2\/pages\/5563\/revisions\/16185"}],"wp:attachment":[{"href":"\/index.php?rest_route=%2Fwp%2Fv2%2Fmedia&parent=5563"}],"curies":[{"name":"wp","href":"https:\/\/api.w.org\/{rel}","templated":true}]}}