



{"id":15335,"date":"2021-11-11T17:56:00","date_gmt":"2021-11-11T16:56:00","guid":{"rendered":"\/?page_id=15335"},"modified":"2024-12-03T14:12:32","modified_gmt":"2024-12-03T13:12:32","slug":"pne-vhc","status":"publish","type":"page","link":"\/?page_id=15335","title":{"rendered":"PNE-VHC"},"content":{"rendered":"[vc_row][vc_column]<div class=\"vcex-module vcex-callout clr with-button\"><div class=\"vcex-callout-caption clr\"><p>Note d&rsquo;information :\u00a0 proc\u00e9dures actualis\u00e9es du Plan National de l&rsquo;\u00c9limination de l&rsquo;H\u00e9patite Virale C, 2016-2030. \u00a0\u00a0 <a href=\"https:\/\/www.onmne.tn\/\/wp-content\/uploads\/2021\/11\/Note-dinformation0004.pdf\" target=\"_blank\" rel=\"noopener noreferrer\">Voir Fichier<\/a><\/p>\n<\/div><div class=\"vcex-callout-button\"><a href=\"https:\/\/www.onmne.tn\/\/wp-content\/uploads\/2021\/11\/Note-dinformation0004.pdf\" title=\"T\u00e9l\u00e9charger\" class=\"theme-button graphical grey\" style=\"border-radius:3px;\">T\u00e9l\u00e9charger<\/a><\/div><\/div><div class=\"vcex-spacing\" style=\"height:15px\"><\/div><div class=\"vcex-module vcex-callout clr with-button\"><div class=\"vcex-callout-caption clr\"><p>ANNEXES : documents du PNE-VHC et Formulaires. \u00a0\u00a0 <a href=\"https:\/\/www.onmne.tn\/wp-content\/uploads\/2021\/11\/Demande-de-Fibroscan0001.pdf\" target=\"_blank\" rel=\"noopener noreferrer\">Voir Fichier<\/a><\/p>\n<\/div><div class=\"vcex-callout-button\"><a href=\"https:\/\/www.onmne.tn\/wp-content\/uploads\/2021\/11\/Demande-de-Fibroscan0001.pdf\" title=\"T\u00e9l\u00e9charger\" class=\"theme-button grey\">T\u00e9l\u00e9charger<\/a><\/div><\/div><div class=\"vcex-spacing\" style=\"height:15px\"><\/div><div class=\"vcex-module vcex-callout clr with-button\"><div class=\"vcex-callout-caption clr\"><p>Liste actualis\u00e9e des Points Focaux du PNE-VHC. \u00a0\u00a0 <a href=\"https:\/\/www.onmne.tn\/wp-content\/uploads\/2021\/11\/liste-actualisee-des-points-focaux-du0001.pdf\" target=\"_blank\" rel=\"noopener noreferrer\">Voir Fichier<\/a><\/p>\n<\/div><div class=\"vcex-callout-button\"><a href=\"https:\/\/www.onmne.tn\/wp-content\/uploads\/2021\/11\/liste-actualisee-des-points-focaux-du0001.pdf\" title=\"T\u00e9l\u00e9charger\" class=\"theme-button grey\">T\u00e9l\u00e9charger<\/a><\/div><\/div><div class=\"vcex-spacing\" style=\"height:15px\"><\/div><div class=\"vcex-module vcex-callout clr with-button\"><div class=\"vcex-callout-caption clr\"><p>Liste actualis\u00e9e des centres r\u00e9f\u00e9rents. \u00a0\u00a0 <a href=\"https:\/\/www.onmne.tn\/wp-content\/uploads\/2021\/11\/liste-actualisee-des-centres-referents0001.pdf\" target=\"_blank\" rel=\"noopener noreferrer\">Voir Fichier<\/a><\/p>\n<\/div><div class=\"vcex-callout-button\"><a href=\"https:\/\/www.onmne.tn\/wp-content\/uploads\/2021\/11\/liste-actualisee-des-centres-referents0001.pdf\" title=\"T\u00e9l\u00e9charger\" class=\"theme-button grey\">T\u00e9l\u00e9charger<\/a><\/div><\/div><div class=\"vcex-spacing\" style=\"height:15px\"><\/div>[\/vc_column][\/vc_row]\n","protected":false},"excerpt":{"rendered":"<p>[vc_row][vc_column][\/vc_column][\/vc_row]<\/p>\n","protected":false},"author":1,"featured_media":0,"parent":0,"menu_order":0,"comment_status":"closed","ping_status":"closed","template":"","meta":{"_bbp_topic_count":0,"_bbp_reply_count":0,"_bbp_total_topic_count":0,"_bbp_total_reply_count":0,"_bbp_voice_count":0,"_bbp_anonymous_reply_count":0,"_bbp_topic_count_hidden":0,"_bbp_reply_count_hidden":0,"_bbp_forum_subforum_count":0,"_links_to":"","_links_to_target":""},"_links":{"self":[{"href":"\/index.php?rest_route=\/wp\/v2\/pages\/15335"}],"collection":[{"href":"\/index.php?rest_route=\/wp\/v2\/pages"}],"about":[{"href":"\/index.php?rest_route=\/wp\/v2\/types\/page"}],"author":[{"embeddable":true,"href":"\/index.php?rest_route=\/wp\/v2\/users\/1"}],"replies":[{"embeddable":true,"href":"\/index.php?rest_route=%2Fwp%2Fv2%2Fcomments&post=15335"}],"version-history":[{"count":10,"href":"\/index.php?rest_route=\/wp\/v2\/pages\/15335\/revisions"}],"predecessor-version":[{"id":17554,"href":"\/index.php?rest_route=\/wp\/v2\/pages\/15335\/revisions\/17554"}],"wp:attachment":[{"href":"\/index.php?rest_route=%2Fwp%2Fv2%2Fmedia&parent=15335"}],"curies":[{"name":"wp","href":"https:\/\/api.w.org\/{rel}","templated":true}]}}