



{"id":15038,"date":"2021-10-08T13:11:07","date_gmt":"2021-10-08T11:11:07","guid":{"rendered":"\/?page_id=15038"},"modified":"2021-11-11T16:54:01","modified_gmt":"2021-11-11T15:54:01","slug":"projet-stamina","status":"publish","type":"page","link":"\/?page_id=15038","title":{"rendered":"Projet STAMINA"},"content":{"rendered":"[vc_row][vc_column width=\u00a0\u00bb1\/2&Prime;][vc_single_image image=\u00a0\u00bb15031&Prime;][\/vc_column][vc_column width=\u00a0\u00bb1\/2&Prime;][vc_single_image image=\u00a0\u00bb15032&Prime;][\/vc_column][\/vc_row][vc_row][vc_column]<h3 class=\"vcex-module vcex-heading vcex-heading-plain\"><span class=\"vcex-heading-inner clr\">Plateforme d'Assistance Intelligente pour la Pr\u00e9vision et la Gestion des Pand\u00e9mies<\/span><\/h3><div class=\"vcex-spacing\" style=\"height:15px\"><\/div><div class=\"vcex-module vcex-heading vcex-heading-plain\"><span class=\"vcex-heading-inner clr\">Ce projet a re\u00e7u un financement du programme de recherche et d'innovation Horizon 2020 de l'Union Europ\u00e9enne.<\/span><\/div>[vc_column_text]<a href=\"https:\/\/stamina-project.eu\/\"><strong>https:\/\/stamina-project.eu\/<\/strong><\/a><\/p>\n<p><strong>\u00a0<\/strong>Le projet STAMINA vise \u00e0 aider les premiers intervenants et les planificateurs nationaux dans les phases de pr\u00e9paration et de r\u00e9ponse de la gestion des pand\u00e9mies, en fournissant une technologie de prise de d\u00e9cision am\u00e9lior\u00e9e aux praticiens de la gestion des crises pand\u00e9miques aux niveaux r\u00e9gional, national et europ\u00e9en \u00e0 travers cinq objectifs principaux\u00a0:<\/p>\n<ul>\n<li>Cr\u00e9er un ensemble de lignes directrices et de bonnes pratiques pour am\u00e9liorer la pr\u00e9paration et la r\u00e9ponse aux urgences sanitaires.<\/li>\n<li>Fournir aux parties prenantes de nouveaux outils logiciels faciles \u00e0 utiliser qui compl\u00e8tent les syst\u00e8mes au niveau de l&rsquo;UE.<\/li>\n<li>Augmenter la capacit\u00e9 de diagnostic pour permettre de d\u00e9tecter les maladies \u00e9mergentes de fa\u00e7on simple et rapide<strong>.<\/strong><\/li>\n<li>Am\u00e9liorer la coop\u00e9ration entre et au sein des \u00c9tats membres de l&rsquo;UE et des pays voisins.<\/li>\n<li>Assurer la p\u00e9rennit\u00e9 de la solution STAMINA.<\/li>\n<\/ul>\n<p>Le consortium STAMINA comprend une grande vari\u00e9t\u00e9 de premiers intervenants (tels que des planificateurs nationaux comme l\u2019ONMNE) en tant qu&rsquo;utilisateurs finaux de l&rsquo;ensemble d&rsquo;outils produits. De plus, il repose fortement sur une collaboration it\u00e9rative avec les diff\u00e9rents fournisseurs de solutions STAMINA.<\/p>\n<p>Les partenaires du projet ont travaill\u00e9 en \u00e9troite collaboration depuis le d\u00e9but du projet, afin de d\u00e9finir les principaux probl\u00e8mes de gestion de crise survenant dans les cadres d&rsquo;urgence pand\u00e9miques de 12 pays diff\u00e9rents (qui h\u00e9bergent \u00e9galement les essais ex\u00e9cut\u00e9s tout au long du projet)\u00a0: Autriche, R\u00e9publique Tch\u00e8que, France, Gr\u00e8ce, Lituanie, Pays-Bas, Roumanie, Slov\u00e9nie, Espagne, Tunisie, Turquie et Royaume-Uni.<\/p>\n<p>L\u2019Observatoire National des Maladies Nouvelles et Emergentes avec l\u2019Institut Pasteur de Tunis repr\u00e9sentent les partenaires Tunisiens du projet.[\/vc_column_text]<div class=\"vcex-spacing\" style=\"height:15px\"><\/div><div class=\"vcex-module vcex-callout clr with-button\"><div class=\"vcex-callout-caption clr\"><p>Plateforme d&rsquo;Assistance Intelligente pour la Pr\u00e9vision et la Gestion des Pand\u00e9mies \u00a0<a href=\"https:\/\/www.onmne.tn\/wp-content\/uploads\/2021\/10\/Projet-STAMINA-pour-le-site-web-de-lONMNE-vfr.pdf\">Voir Fichier<\/a><\/p>\n<\/div><div class=\"vcex-callout-button\"><a href=\"https:\/\/www.onmne.tn\/wp-content\/uploads\/2020\/09\/Fiche_veille_entomologique_DHMPE.pdf\" title=\"T\u00e9l\u00e9charger\" class=\"theme-button graphical grey\" style=\"border-radius:3px;\">T\u00e9l\u00e9charger<\/a><\/div><\/div>[\/vc_column][\/vc_row]\n","protected":false},"excerpt":{"rendered":"<p>[vc_row][vc_column width=\u00a0\u00bb1\/2&Prime;][vc_single_image image=\u00a0\u00bb15031&Prime;][\/vc_column][vc_column width=\u00a0\u00bb1\/2&Prime;][vc_single_image image=\u00a0\u00bb15032&Prime;][\/vc_column][\/vc_row][vc_row][vc_column][vc_column_text]https:\/\/stamina-project.eu\/ \u00a0Le projet STAMINA vise \u00e0 aider les premiers intervenants et les planificateurs nationaux dans les phases de pr\u00e9paration et de r\u00e9ponse de la gestion des pand\u00e9mies, en fournissant une technologie de prise de d\u00e9cision am\u00e9lior\u00e9e&hellip;<\/p>\n","protected":false},"author":1,"featured_media":0,"parent":0,"menu_order":0,"comment_status":"closed","ping_status":"closed","template":"","meta":{"_bbp_topic_count":0,"_bbp_reply_count":0,"_bbp_total_topic_count":0,"_bbp_total_reply_count":0,"_bbp_voice_count":0,"_bbp_anonymous_reply_count":0,"_bbp_topic_count_hidden":0,"_bbp_reply_count_hidden":0,"_bbp_forum_subforum_count":0,"_links_to":"","_links_to_target":""},"_links":{"self":[{"href":"\/index.php?rest_route=\/wp\/v2\/pages\/15038"}],"collection":[{"href":"\/index.php?rest_route=\/wp\/v2\/pages"}],"about":[{"href":"\/index.php?rest_route=\/wp\/v2\/types\/page"}],"author":[{"embeddable":true,"href":"\/index.php?rest_route=\/wp\/v2\/users\/1"}],"replies":[{"embeddable":true,"href":"\/index.php?rest_route=%2Fwp%2Fv2%2Fcomments&post=15038"}],"version-history":[{"count":6,"href":"\/index.php?rest_route=\/wp\/v2\/pages\/15038\/revisions"}],"predecessor-version":[{"id":15334,"href":"\/index.php?rest_route=\/wp\/v2\/pages\/15038\/revisions\/15334"}],"wp:attachment":[{"href":"\/index.php?rest_route=%2Fwp%2Fv2%2Fmedia&parent=15038"}],"curies":[{"name":"wp","href":"https:\/\/api.w.org\/{rel}","templated":true}]}}